{"id":17048,"date":"2020-07-20T14:36:35","date_gmt":"2020-07-20T14:36:35","guid":{"rendered":"http:\/\/roigk.de\/produkt\/e-revetement-de-plot-de-depart-pour-plot-de-depart-r1690w\/"},"modified":"2026-01-21T08:47:50","modified_gmt":"2026-01-21T08:47:50","slug":"e-revetement-de-plot-de-depart-pour-plot-de-depart-r1690w","status":"publish","type":"product","link":"https:\/\/roigk.de\/fr\/e-revetement-de-plot-de-depart-pour-plot-de-depart-r1690w\/","title":{"rendered":"E# Rev\u00eatement de plot de d\u00e9part (pour plot de d\u00e9part R1690W)"},"content":{"rendered":"","protected":false},"excerpt":{"rendered":"<p><span>Version standard selon l&#8217;illustration<\/span><br \/><span>en plastique antid\u00e9rapant renforc\u00e9 de fibres de verre (GfK) Classe de glissement C<\/span><br \/><span>environ 500 x 500 mm<\/span><br \/><span>y compris les vis &#8211;&nbsp;<\/span><span>sans trous \u00e0 percer soi-m\u00eame<\/span><b><\/b><i><\/i><\/p>\n","protected":false},"featured_media":9837,"template":"","meta":{"_acf_changed":false},"product_brand":[],"product_cat":[149],"product_tag":[],"class_list":{"0":"post-17048","1":"product","2":"type-product","3":"status-publish","4":"has-post-thumbnail","6":"product_cat-plot-de-depart-pieces-detachees","8":"first","9":"instock","10":"taxable","11":"shipping-taxable","12":"purchasable","13":"product-type-simple"},"acf":[],"_links":{"self":[{"href":"https:\/\/roigk.de\/fr\/wp-json\/wp\/v2\/product\/17048","targetHints":{"allow":["GET"]}}],"collection":[{"href":"https:\/\/roigk.de\/fr\/wp-json\/wp\/v2\/product"}],"about":[{"href":"https:\/\/roigk.de\/fr\/wp-json\/wp\/v2\/types\/product"}],"wp:featuredmedia":[{"embeddable":true,"href":"https:\/\/roigk.de\/fr\/wp-json\/wp\/v2\/media\/9837"}],"wp:attachment":[{"href":"https:\/\/roigk.de\/fr\/wp-json\/wp\/v2\/media?parent=17048"}],"wp:term":[{"taxonomy":"product_brand","embeddable":true,"href":"https:\/\/roigk.de\/fr\/wp-json\/wp\/v2\/product_brand?post=17048"},{"taxonomy":"product_cat","embeddable":true,"href":"https:\/\/roigk.de\/fr\/wp-json\/wp\/v2\/product_cat?post=17048"},{"taxonomy":"product_tag","embeddable":true,"href":"https:\/\/roigk.de\/fr\/wp-json\/wp\/v2\/product_tag?post=17048"}],"curies":[{"name":"wp","href":"https:\/\/api.w.org\/{rel}","templated":true}]}}