{"id":17052,"date":"2020-07-20T14:50:27","date_gmt":"2021-01-19T22:57:36","guid":{"rendered":"http:\/\/roigk.de\/produkt\/cordon-de-separation-r863te\/"},"modified":"2021-08-18T12:46:26","modified_gmt":"2021-08-18T12:46:26","slug":"cordon-de-separation-r863te","status":"publish","type":"product","link":"https:\/\/roigk.de\/fr\/cordon-de-separation-r863te\/","title":{"rendered":"Cordon de s\u00e9paration R863TE"},"content":{"rendered":"","protected":false},"excerpt":{"rendered":"<p>Tr\u00e8s durable. En c\u00e2ble d&#8217;acier inoxydable avec rev\u00eatement en caoutchouc, avec des flotteurs hostal en rouge et blanc. <br \/>Avec tendeur et crochets de fixation. <br \/>Disponible dans toutes les longueurs. <br \/>Version standard : six flotteurs par m\u00e8tre<\/p>\n<p>Facultatif : boules rapproch\u00e9es ou avec ressort de montage<\/p>\n","protected":false},"featured_media":10996,"template":"","meta":{"_acf_changed":false},"product_brand":[],"product_cat":[158],"product_tag":[],"class_list":{"0":"post-17052","1":"product","2":"type-product","3":"status-publish","4":"has-post-thumbnail","6":"product_cat-lignes-de-nage-lignes-de-separation-et-douilles-de-sol","8":"first","9":"instock","10":"taxable","11":"shipping-taxable","12":"product-type-simple"},"acf":[],"_links":{"self":[{"href":"https:\/\/roigk.de\/fr\/wp-json\/wp\/v2\/product\/17052","targetHints":{"allow":["GET"]}}],"collection":[{"href":"https:\/\/roigk.de\/fr\/wp-json\/wp\/v2\/product"}],"about":[{"href":"https:\/\/roigk.de\/fr\/wp-json\/wp\/v2\/types\/product"}],"wp:featuredmedia":[{"embeddable":true,"href":"https:\/\/roigk.de\/fr\/wp-json\/wp\/v2\/media\/10996"}],"wp:attachment":[{"href":"https:\/\/roigk.de\/fr\/wp-json\/wp\/v2\/media?parent=17052"}],"wp:term":[{"taxonomy":"product_brand","embeddable":true,"href":"https:\/\/roigk.de\/fr\/wp-json\/wp\/v2\/product_brand?post=17052"},{"taxonomy":"product_cat","embeddable":true,"href":"https:\/\/roigk.de\/fr\/wp-json\/wp\/v2\/product_cat?post=17052"},{"taxonomy":"product_tag","embeddable":true,"href":"https:\/\/roigk.de\/fr\/wp-json\/wp\/v2\/product_tag?post=17052"}],"curies":[{"name":"wp","href":"https:\/\/api.w.org\/{rel}","templated":true}]}}