{"id":17056,"date":"2020-07-20T14:23:06","date_gmt":"2020-07-20T14:23:06","guid":{"rendered":"http:\/\/roigk.de\/produkt\/support-de-corde-de-separation-r102\/"},"modified":"2026-01-21T08:48:12","modified_gmt":"2026-01-21T08:48:12","slug":"support-de-corde-de-separation-r102","status":"publish","type":"product","link":"https:\/\/roigk.de\/fr\/support-de-corde-de-separation-r102\/","title":{"rendered":"Support de corde de s\u00e9paration R102"},"content":{"rendered":"","protected":false},"excerpt":{"rendered":"<p>Structure extr\u00eamement stable, avec manchon de fond sp\u00e9cial int\u00e9gr\u00e9 pour un enfoncement complet dans le pourtour de la piscine ou un verrouillage de position par rotation de 90 degr\u00e9s.<\/p>\n<p>Norme : DIN 7939<br \/>Groupe cible : support de corde de s\u00e9paration ou porte-corde de natation<br \/>Hauteur \u00e0 partir du carreau : environ 90 mm<br \/>Profondeur de la douille de sol : 200 mm<\/p>\n","protected":false},"featured_media":30915,"template":"","meta":{"_acf_changed":false},"product_brand":[],"product_cat":[158],"product_tag":[],"class_list":{"0":"post-17056","1":"product","2":"type-product","3":"status-publish","4":"has-post-thumbnail","6":"product_cat-lignes-de-nage-lignes-de-separation-et-douilles-de-sol","8":"first","9":"instock","10":"taxable","11":"shipping-taxable","12":"purchasable","13":"product-type-simple"},"acf":[],"_links":{"self":[{"href":"https:\/\/roigk.de\/fr\/wp-json\/wp\/v2\/product\/17056","targetHints":{"allow":["GET"]}}],"collection":[{"href":"https:\/\/roigk.de\/fr\/wp-json\/wp\/v2\/product"}],"about":[{"href":"https:\/\/roigk.de\/fr\/wp-json\/wp\/v2\/types\/product"}],"wp:featuredmedia":[{"embeddable":true,"href":"https:\/\/roigk.de\/fr\/wp-json\/wp\/v2\/media\/30915"}],"wp:attachment":[{"href":"https:\/\/roigk.de\/fr\/wp-json\/wp\/v2\/media?parent=17056"}],"wp:term":[{"taxonomy":"product_brand","embeddable":true,"href":"https:\/\/roigk.de\/fr\/wp-json\/wp\/v2\/product_brand?post=17056"},{"taxonomy":"product_cat","embeddable":true,"href":"https:\/\/roigk.de\/fr\/wp-json\/wp\/v2\/product_cat?post=17056"},{"taxonomy":"product_tag","embeddable":true,"href":"https:\/\/roigk.de\/fr\/wp-json\/wp\/v2\/product_tag?post=17056"}],"curies":[{"name":"wp","href":"https:\/\/api.w.org\/{rel}","templated":true}]}}