{"id":17058,"date":"2020-07-20T14:25:17","date_gmt":"2021-01-19T22:58:00","guid":{"rendered":"http:\/\/roigk.de\/produkt\/rampe-de-niche-descalier-r861177\/"},"modified":"2021-08-18T12:46:59","modified_gmt":"2021-08-18T12:46:59","slug":"rampe-de-niche-descalier-r861177","status":"publish","type":"product","link":"https:\/\/roigk.de\/fr\/rampe-de-niche-descalier-r861177\/","title":{"rendered":"Rampe de niche d&rsquo;escalier R861177"},"content":{"rendered":"","protected":false},"excerpt":{"rendered":"<p>Dans les niches d&#8217;escalier, il faut une rampe d&#8217;escalier avec un garde-corps aux genoux, qui fait le tour de toute la niche d&#8217;escalier pour \u00e9viter de tomber dans l&#8217;escalier. Du c\u00f4t\u00e9 de la piscine, une rampe suppl\u00e9mentaire avec un tube pour les genoux doit mener \u00e0 la piscine.<\/p>\n<p>Mat\u00e9riau : acier inoxydable V4A (1.4571 ou optionnellement 1.4539)&nbsp;<\/p>\n","protected":false},"featured_media":8969,"template":"","meta":{"_acf_changed":false},"product_brand":[],"product_cat":[166],"product_tag":[],"class_list":{"0":"post-17058","1":"product","2":"type-product","3":"status-publish","4":"has-post-thumbnail","6":"product_cat-escaliers-garde-corps-et-echelles","8":"first","9":"instock","10":"taxable","11":"shipping-taxable","12":"product-type-simple"},"acf":[],"_links":{"self":[{"href":"https:\/\/roigk.de\/fr\/wp-json\/wp\/v2\/product\/17058","targetHints":{"allow":["GET"]}}],"collection":[{"href":"https:\/\/roigk.de\/fr\/wp-json\/wp\/v2\/product"}],"about":[{"href":"https:\/\/roigk.de\/fr\/wp-json\/wp\/v2\/types\/product"}],"wp:featuredmedia":[{"embeddable":true,"href":"https:\/\/roigk.de\/fr\/wp-json\/wp\/v2\/media\/8969"}],"wp:attachment":[{"href":"https:\/\/roigk.de\/fr\/wp-json\/wp\/v2\/media?parent=17058"}],"wp:term":[{"taxonomy":"product_brand","embeddable":true,"href":"https:\/\/roigk.de\/fr\/wp-json\/wp\/v2\/product_brand?post=17058"},{"taxonomy":"product_cat","embeddable":true,"href":"https:\/\/roigk.de\/fr\/wp-json\/wp\/v2\/product_cat?post=17058"},{"taxonomy":"product_tag","embeddable":true,"href":"https:\/\/roigk.de\/fr\/wp-json\/wp\/v2\/product_tag?post=17058"}],"curies":[{"name":"wp","href":"https:\/\/api.w.org\/{rel}","templated":true}]}}