{"id":17060,"date":"2020-07-20T15:16:34","date_gmt":"2020-07-20T15:16:34","guid":{"rendered":"http:\/\/roigk.de\/produkt\/z-douille-de-sol-universelle-r771172r-100-pour-porte-lignes-escaliers\/"},"modified":"2026-01-21T08:48:19","modified_gmt":"2026-01-21T08:48:19","slug":"z-douille-de-sol-universelle-r771172r-100-pour-porte-lignes-escaliers","status":"publish","type":"product","link":"https:\/\/roigk.de\/fr\/z-douille-de-sol-universelle-r771172r-100-pour-porte-lignes-escaliers\/","title":{"rendered":"Z# Douille de sol universelle R771172R-100 (pour porte-lignes, escaliers)"},"content":{"rendered":"","protected":false},"excerpt":{"rendered":"<p>La douille de sol est \u00e9quip\u00e9e d&#8217;un couvercle int\u00e9gr\u00e9 viss\u00e9. La couverture reste viss\u00e9e pendant le fonctionnement normal et permet d&#8217;ins\u00e9rer et de retirer les \u00e9quipements de la piscine sans perdre une couverture. La fente \u00e9troite restante emp\u00eache les doigts ou les orteils d&#8217;\u00eatre coinc\u00e9s ou serr\u00e9s. Pour le nettoyage, le couvercle peut \u00eatre d\u00e9viss\u00e9 \u00e0 l&#8217;aide d&#8217;un outil. Pour un positionnement stable de l&#8217;\u00e9quipement de la piscine.<\/p>\n<p>La version id\u00e9ale pour les piscines neuves ou r\u00e9nov\u00e9es. En option, le manchon de sol peut \u00eatre \u00e9quip\u00e9 d&#8217;une bride d&#8217;\u00e9tanch\u00e9it\u00e9 pour assurer une \u00e9tanch\u00e9it\u00e9 optimale.<\/p>\n<p>Diam\u00e8tre int\u00e9rieur : 40 mm<br \/>Longueur : 100 mm<br \/>Mat\u00e9riau : Acier inoxydable V4A (1.4571) et PE<\/p>\n","protected":false},"featured_media":11578,"template":"","meta":{"_acf_changed":false},"product_brand":[],"product_cat":[158],"product_tag":[],"class_list":{"0":"post-17060","1":"product","2":"type-product","3":"status-publish","4":"has-post-thumbnail","6":"product_cat-lignes-de-nage-lignes-de-separation-et-douilles-de-sol","8":"first","9":"instock","10":"taxable","11":"shipping-taxable","12":"purchasable","13":"product-type-simple"},"acf":[],"_links":{"self":[{"href":"https:\/\/roigk.de\/fr\/wp-json\/wp\/v2\/product\/17060","targetHints":{"allow":["GET"]}}],"collection":[{"href":"https:\/\/roigk.de\/fr\/wp-json\/wp\/v2\/product"}],"about":[{"href":"https:\/\/roigk.de\/fr\/wp-json\/wp\/v2\/types\/product"}],"wp:featuredmedia":[{"embeddable":true,"href":"https:\/\/roigk.de\/fr\/wp-json\/wp\/v2\/media\/11578"}],"wp:attachment":[{"href":"https:\/\/roigk.de\/fr\/wp-json\/wp\/v2\/media?parent=17060"}],"wp:term":[{"taxonomy":"product_brand","embeddable":true,"href":"https:\/\/roigk.de\/fr\/wp-json\/wp\/v2\/product_brand?post=17060"},{"taxonomy":"product_cat","embeddable":true,"href":"https:\/\/roigk.de\/fr\/wp-json\/wp\/v2\/product_cat?post=17060"},{"taxonomy":"product_tag","embeddable":true,"href":"https:\/\/roigk.de\/fr\/wp-json\/wp\/v2\/product_tag?post=17060"}],"curies":[{"name":"wp","href":"https:\/\/api.w.org\/{rel}","templated":true}]}}