{"id":17078,"date":"2020-07-20T14:51:50","date_gmt":"2020-07-20T14:51:50","guid":{"rendered":"http:\/\/roigk.de\/produkt\/jet-deau-plat-universel-r004-001-30\/"},"modified":"2026-01-21T08:48:36","modified_gmt":"2026-01-21T08:48:36","slug":"jet-deau-plat-universel-r004-001-30","status":"publish","type":"product","link":"https:\/\/roigk.de\/fr\/jet-deau-plat-universel-r004-001-30\/","title":{"rendered":"Col de cygne universel Flat Spray  R004-001-30"},"content":{"rendered":"","protected":false},"excerpt":{"rendered":"<p>Effet d&#8217;eau similaire \u00e0 celui d&#8217;un aspirateur \u00e0 large spectre, mais compos\u00e9 de jets individuels et d&#8217;une consommation d&#8217;eau plus faible.<\/p>\n<p>Taille du tube : 114 mm<br \/>Hauteur : 1.300 mm<br \/>Quantit\u00e9 d&#8217;eau : 9 \u00e0 12 m\u00b3\/h<br \/>Pression de l&#8217;eau : 0,6 \u00e0 1 bar<br \/>Positionnement : au bord de la piscine<br \/>Mat\u00e9riau : acier inoxydable V4A (1.4571)<\/p>\n","protected":false},"featured_media":30918,"template":"","meta":{"_acf_changed":false},"product_brand":[],"product_cat":[188,185],"product_tag":[],"class_list":{"0":"post-17078","1":"product","2":"type-product","3":"status-publish","4":"has-post-thumbnail","6":"product_cat-chutes-deau-et-cols-de-cygne","7":"product_cat-jets-universels-colores-et-modulaires","9":"first","10":"instock","11":"taxable","12":"shipping-taxable","13":"purchasable","14":"product-type-simple"},"acf":[],"_links":{"self":[{"href":"https:\/\/roigk.de\/fr\/wp-json\/wp\/v2\/product\/17078","targetHints":{"allow":["GET"]}}],"collection":[{"href":"https:\/\/roigk.de\/fr\/wp-json\/wp\/v2\/product"}],"about":[{"href":"https:\/\/roigk.de\/fr\/wp-json\/wp\/v2\/types\/product"}],"wp:featuredmedia":[{"embeddable":true,"href":"https:\/\/roigk.de\/fr\/wp-json\/wp\/v2\/media\/30918"}],"wp:attachment":[{"href":"https:\/\/roigk.de\/fr\/wp-json\/wp\/v2\/media?parent=17078"}],"wp:term":[{"taxonomy":"product_brand","embeddable":true,"href":"https:\/\/roigk.de\/fr\/wp-json\/wp\/v2\/product_brand?post=17078"},{"taxonomy":"product_cat","embeddable":true,"href":"https:\/\/roigk.de\/fr\/wp-json\/wp\/v2\/product_cat?post=17078"},{"taxonomy":"product_tag","embeddable":true,"href":"https:\/\/roigk.de\/fr\/wp-json\/wp\/v2\/product_tag?post=17078"}],"curies":[{"name":"wp","href":"https:\/\/api.w.org\/{rel}","templated":true}]}}