{"id":17120,"date":"2020-07-20T14:35:14","date_gmt":"2020-07-20T14:35:14","guid":{"rendered":"http:\/\/roigk.de\/produkt\/jet-deau-rond-universel-led-r004-001-20\/"},"modified":"2026-01-21T08:49:09","modified_gmt":"2026-01-21T08:49:09","slug":"jet-deau-rond-universel-led-r004-001-20","status":"publish","type":"product","link":"https:\/\/roigk.de\/fr\/jet-deau-rond-universel-led-r004-001-20\/","title":{"rendered":"Col de cygne universel Round Spray LED R004-001-20"},"content":{"rendered":"","protected":false},"excerpt":{"rendered":"<p>Effet de massage rond pour tout le dos, compos\u00e9 de nombreux jets individuels avec lumi\u00e8re LED centrale, qui peut cr\u00e9er de beaux effets de couleur, en particulier dans les piscines int\u00e9rieures.<\/p>\n<p>Taille du tube : 114 mm<br \/>Hauteur : 1.300 mm<br \/>Quantit\u00e9 d\u2019eau : 7 \u00e0 10 m\u00b3\/h<br \/>Pression de l\u2019eau : 0,5 \u00e0 1 bar<br \/>Positionnement : au bord de la piscine<br \/>Mat\u00e9riau : acier inoxydable V4A (1.4571)<\/p>\n","protected":false},"featured_media":30954,"template":"","meta":{"_acf_changed":false},"product_brand":[],"product_cat":[188,185],"product_tag":[],"class_list":{"0":"post-17120","1":"product","2":"type-product","3":"status-publish","4":"has-post-thumbnail","6":"product_cat-chutes-deau-et-cols-de-cygne","7":"product_cat-jets-universels-colores-et-modulaires","9":"first","10":"instock","11":"taxable","12":"shipping-taxable","13":"purchasable","14":"product-type-simple"},"acf":[],"_links":{"self":[{"href":"https:\/\/roigk.de\/fr\/wp-json\/wp\/v2\/product\/17120","targetHints":{"allow":["GET"]}}],"collection":[{"href":"https:\/\/roigk.de\/fr\/wp-json\/wp\/v2\/product"}],"about":[{"href":"https:\/\/roigk.de\/fr\/wp-json\/wp\/v2\/types\/product"}],"wp:featuredmedia":[{"embeddable":true,"href":"https:\/\/roigk.de\/fr\/wp-json\/wp\/v2\/media\/30954"}],"wp:attachment":[{"href":"https:\/\/roigk.de\/fr\/wp-json\/wp\/v2\/media?parent=17120"}],"wp:term":[{"taxonomy":"product_brand","embeddable":true,"href":"https:\/\/roigk.de\/fr\/wp-json\/wp\/v2\/product_brand?post=17120"},{"taxonomy":"product_cat","embeddable":true,"href":"https:\/\/roigk.de\/fr\/wp-json\/wp\/v2\/product_cat?post=17120"},{"taxonomy":"product_tag","embeddable":true,"href":"https:\/\/roigk.de\/fr\/wp-json\/wp\/v2\/product_tag?post=17120"}],"curies":[{"name":"wp","href":"https:\/\/api.w.org\/{rel}","templated":true}]}}