{"id":17140,"date":"2020-07-20T15:22:24","date_gmt":"2020-07-20T15:22:24","guid":{"rendered":"http:\/\/roigk.de\/produkt\/kit-de-premiers-secours-r771014\/"},"modified":"2026-01-21T08:49:40","modified_gmt":"2026-01-21T08:49:40","slug":"kit-de-premiers-secours-r771014","status":"publish","type":"product","link":"https:\/\/roigk.de\/fr\/kit-de-premiers-secours-r771014\/","title":{"rendered":"Kit de premiers secours R771014"},"content":{"rendered":"","protected":false},"excerpt":{"rendered":"<p>Selon la norme DIN 13169, avec 2 \u00e9tag\u00e8res de rangement r\u00e9glables, prot\u00e9g\u00e9es de la poussi\u00e8re par un joint en caoutchouc mousse, avec fermeture de porte pivotante.<\/p>\n<p>Mat\u00e9riau : t\u00f4le d&#8217;acier (ST 400), rev\u00eatement en r\u00e9sine \u00e9poxy<br \/>Couleur : blanc, RAL 9016<br \/>Dimensions : 42 x 16 x 49 cm<\/p>\n<p>Remplissage de BKN selon la norme DIN 13 1659 comprenant :<\/p>\n<p>&#8211; lingettes de d\u00e9sinfection et de soins<br \/>&#8211; diverses compresses et compresses oculaires<br \/>&#8211; divers bandages<br \/>&#8211; diverses trousses de premiers secours et pansements<br \/>&#8211; divers pansements instantan\u00e9, bandages pour les doigts, sparadraps<br \/>&#8211; Couvertures de sauvetage, or\/argent<br \/>&#8211; Lingette respiratoire d&#8217;urgence \u00e0 usage unique<br \/>&#8211; Gants de protection contre les infections<br \/>&#8211; Echarpes triangulaires<br \/>&#8211; Prot\u00e8ge-dents jetables<br \/>&#8211; Sachet en aluminium 300 x 400 x 45 mm<br \/>&#8211; Les pinces \u00e0 \u00e9chardes selon Feilchenfeld<br \/>&#8211; Ciseaux universels, pli\u00e9s au genou, 19 cm<\/p>\n","protected":false},"featured_media":11711,"template":"","meta":{"_acf_changed":false},"product_brand":[],"product_cat":[154],"product_tag":[],"class_list":{"0":"post-17140","1":"product","2":"type-product","3":"status-publish","4":"has-post-thumbnail","6":"product_cat-materiel-de-secours-equipements-de-salle-de-premiers-secours-et-signalisation","8":"first","9":"instock","10":"taxable","11":"shipping-taxable","12":"purchasable","13":"product-type-simple"},"acf":[],"_links":{"self":[{"href":"https:\/\/roigk.de\/fr\/wp-json\/wp\/v2\/product\/17140","targetHints":{"allow":["GET"]}}],"collection":[{"href":"https:\/\/roigk.de\/fr\/wp-json\/wp\/v2\/product"}],"about":[{"href":"https:\/\/roigk.de\/fr\/wp-json\/wp\/v2\/types\/product"}],"wp:featuredmedia":[{"embeddable":true,"href":"https:\/\/roigk.de\/fr\/wp-json\/wp\/v2\/media\/11711"}],"wp:attachment":[{"href":"https:\/\/roigk.de\/fr\/wp-json\/wp\/v2\/media?parent=17140"}],"wp:term":[{"taxonomy":"product_brand","embeddable":true,"href":"https:\/\/roigk.de\/fr\/wp-json\/wp\/v2\/product_brand?post=17140"},{"taxonomy":"product_cat","embeddable":true,"href":"https:\/\/roigk.de\/fr\/wp-json\/wp\/v2\/product_cat?post=17140"},{"taxonomy":"product_tag","embeddable":true,"href":"https:\/\/roigk.de\/fr\/wp-json\/wp\/v2\/product_tag?post=17140"}],"curies":[{"name":"wp","href":"https:\/\/api.w.org\/{rel}","templated":true}]}}