{"id":17146,"date":"2020-07-20T14:43:55","date_gmt":"2020-07-20T14:43:55","guid":{"rendered":"http:\/\/roigk.de\/produkt\/riff-roche-avec-effet-deau-r201402-80\/"},"modified":"2026-01-21T08:50:00","modified_gmt":"2026-01-21T08:50:00","slug":"riff-roche-avec-effet-deau-r201402-80","status":"publish","type":"product","link":"https:\/\/roigk.de\/fr\/riff-roche-avec-effet-deau-r201402-80\/","title":{"rendered":"Roche avec effet d&rsquo;eau R201402-80"},"content":{"rendered":"","protected":false},"excerpt":{"rendered":"<p>Personne ne reste au sec dans cette cachette ! Quand vous pensez \u00eatre en s\u00e9curit\u00e9, un l\u00e9ger brouillard d&#8217;eau vous rafra\u00eechit !<\/p>\n<p>Hauteur : 500 mm<br \/>D\u00e9bit d&#8217;eau : 3 \u00e0 5 l\/min<br \/>Pression de l&#8217;eau : 1 \u00e0 1,5 bar<br \/>Groupe cible : enfants et nourrissons<br \/>Positionnement : zones de jeux d&#8217;eau (max. WT = 0)<br \/>Mat\u00e9riau : acier inoxydable V4A (1.4571), verre color\u00e9<\/p>\n","protected":false},"featured_media":18619,"template":"","meta":{"_acf_changed":false},"product_brand":[],"product_cat":[177],"product_tag":[],"class_list":{"0":"post-17146","1":"product","2":"type-product","3":"status-publish","4":"has-post-thumbnail","6":"product_cat-riff-zoo-fr","8":"first","9":"instock","10":"taxable","11":"shipping-taxable","12":"purchasable","13":"product-type-simple"},"acf":[],"_links":{"self":[{"href":"https:\/\/roigk.de\/fr\/wp-json\/wp\/v2\/product\/17146","targetHints":{"allow":["GET"]}}],"collection":[{"href":"https:\/\/roigk.de\/fr\/wp-json\/wp\/v2\/product"}],"about":[{"href":"https:\/\/roigk.de\/fr\/wp-json\/wp\/v2\/types\/product"}],"wp:featuredmedia":[{"embeddable":true,"href":"https:\/\/roigk.de\/fr\/wp-json\/wp\/v2\/media\/18619"}],"wp:attachment":[{"href":"https:\/\/roigk.de\/fr\/wp-json\/wp\/v2\/media?parent=17146"}],"wp:term":[{"taxonomy":"product_brand","embeddable":true,"href":"https:\/\/roigk.de\/fr\/wp-json\/wp\/v2\/product_brand?post=17146"},{"taxonomy":"product_cat","embeddable":true,"href":"https:\/\/roigk.de\/fr\/wp-json\/wp\/v2\/product_cat?post=17146"},{"taxonomy":"product_tag","embeddable":true,"href":"https:\/\/roigk.de\/fr\/wp-json\/wp\/v2\/product_tag?post=17146"}],"curies":[{"name":"wp","href":"https:\/\/api.w.org\/{rel}","templated":true}]}}