{"id":17158,"date":"2020-07-20T15:19:13","date_gmt":"2020-07-20T15:19:13","guid":{"rendered":"http:\/\/roigk.de\/produkt\/evacuation-deau-220-r201812-10\/"},"modified":"2026-01-21T08:50:49","modified_gmt":"2026-01-21T08:50:49","slug":"evacuation-deau-220-r201812-10-2","status":"publish","type":"product","link":"https:\/\/roigk.de\/fr\/evacuation-deau-220-r201812-10-2\/","title":{"rendered":"\u00c9vacuation d&rsquo;eau 273mm R201812-10"},"content":{"rendered":"","protected":false},"excerpt":{"rendered":"<p>Drainage d&#8217;eau extr\u00eamement stable avec 273 mm de diam\u00e8tre, enti\u00e8rement en acier inoxydable avec une plaque de tamisage de 10 mm d&#8217;\u00e9paisseur en forme de soleil. D\u00e9bit d&#8217;eau \u00e9lev\u00e9. Avec bride d&#8217;\u00e9tanch\u00e9it\u00e9&nbsp;<span>en option<\/span>. R\u00e9glage facile de la hauteur d&#8217;installation par des supports int\u00e9gr\u00e9s pour les tiges filet\u00e9es M12.<\/p>\n<p>Exigence sur site : tuyau de 125 KG<br \/>Mat\u00e9riau : acier inoxydable 1.4571 (316Ti)<\/p>\n","protected":false},"featured_media":11631,"template":"","meta":{"_acf_changed":false},"product_brand":[],"product_cat":[302],"product_tag":[],"class_list":{"0":"post-17158","1":"product","2":"type-product","3":"status-publish","4":"has-post-thumbnail","6":"product_cat-accessoires_ancrages_sprayparks","8":"first","9":"instock","10":"taxable","11":"shipping-taxable","12":"purchasable","13":"product-type-simple"},"acf":[],"_links":{"self":[{"href":"https:\/\/roigk.de\/fr\/wp-json\/wp\/v2\/product\/17158","targetHints":{"allow":["GET"]}}],"collection":[{"href":"https:\/\/roigk.de\/fr\/wp-json\/wp\/v2\/product"}],"about":[{"href":"https:\/\/roigk.de\/fr\/wp-json\/wp\/v2\/types\/product"}],"wp:featuredmedia":[{"embeddable":true,"href":"https:\/\/roigk.de\/fr\/wp-json\/wp\/v2\/media\/11631"}],"wp:attachment":[{"href":"https:\/\/roigk.de\/fr\/wp-json\/wp\/v2\/media?parent=17158"}],"wp:term":[{"taxonomy":"product_brand","embeddable":true,"href":"https:\/\/roigk.de\/fr\/wp-json\/wp\/v2\/product_brand?post=17158"},{"taxonomy":"product_cat","embeddable":true,"href":"https:\/\/roigk.de\/fr\/wp-json\/wp\/v2\/product_cat?post=17158"},{"taxonomy":"product_tag","embeddable":true,"href":"https:\/\/roigk.de\/fr\/wp-json\/wp\/v2\/product_tag?post=17158"}],"curies":[{"name":"wp","href":"https:\/\/api.w.org\/{rel}","templated":true}]}}