{"id":17160,"date":"2020-07-20T15:22:29","date_gmt":"2020-07-20T15:22:29","guid":{"rendered":"http:\/\/roigk.de\/produkt\/evacuation-deau-220-r201812-10\/"},"modified":"2026-01-21T08:50:55","modified_gmt":"2026-01-21T08:50:55","slug":"evacuation-deau-220-r201812-10","status":"publish","type":"product","link":"https:\/\/roigk.de\/fr\/evacuation-deau-220-r201812-10\/","title":{"rendered":"\u00c9vacuation d&rsquo;eau 220 R201812-10"},"content":{"rendered":"","protected":false},"excerpt":{"rendered":"<p>\u00c9coulement d&#8217;eau extr\u00eamement stable avec un diam\u00e8tre de 220 mm, enti\u00e8rement en acier inoxydable avec une plaque de tamisage de 5 mm d&#8217;\u00e9paisseur en forme de soleil. Avec bride d&#8217;\u00e9tanch\u00e9it\u00e9<span>&nbsp;e<\/span><span>n option<\/span>. R\u00e9glage facile de la hauteur d&#8217;installation par des supports int\u00e9gr\u00e9s pour les tiges filet\u00e9es M12.<\/p>\n<p>Exigence sur site : tuyau de 125 KG<br \/>Mat\u00e9riau : acier inoxydable 1.4571 (316Ti)<\/p>\n","protected":false},"featured_media":11716,"template":"","meta":{"_acf_changed":false},"product_brand":[],"product_cat":[302],"product_tag":[],"class_list":{"0":"post-17160","1":"product","2":"type-product","3":"status-publish","4":"has-post-thumbnail","6":"product_cat-accessoires_ancrages_sprayparks","8":"first","9":"instock","10":"taxable","11":"shipping-taxable","12":"purchasable","13":"product-type-simple"},"acf":[],"_links":{"self":[{"href":"https:\/\/roigk.de\/fr\/wp-json\/wp\/v2\/product\/17160","targetHints":{"allow":["GET"]}}],"collection":[{"href":"https:\/\/roigk.de\/fr\/wp-json\/wp\/v2\/product"}],"about":[{"href":"https:\/\/roigk.de\/fr\/wp-json\/wp\/v2\/types\/product"}],"wp:featuredmedia":[{"embeddable":true,"href":"https:\/\/roigk.de\/fr\/wp-json\/wp\/v2\/media\/11716"}],"wp:attachment":[{"href":"https:\/\/roigk.de\/fr\/wp-json\/wp\/v2\/media?parent=17160"}],"wp:term":[{"taxonomy":"product_brand","embeddable":true,"href":"https:\/\/roigk.de\/fr\/wp-json\/wp\/v2\/product_brand?post=17160"},{"taxonomy":"product_cat","embeddable":true,"href":"https:\/\/roigk.de\/fr\/wp-json\/wp\/v2\/product_cat?post=17160"},{"taxonomy":"product_tag","embeddable":true,"href":"https:\/\/roigk.de\/fr\/wp-json\/wp\/v2\/product_tag?post=17160"}],"curies":[{"name":"wp","href":"https:\/\/api.w.org\/{rel}","templated":true}]}}