{"id":17168,"date":"2020-07-20T14:33:20","date_gmt":"2020-07-20T14:33:20","guid":{"rendered":"http:\/\/roigk.de\/produkt\/riff-lys-et-tulipe-detang-ps0111-10\/"},"modified":"2026-01-21T08:51:25","modified_gmt":"2026-01-21T08:51:25","slug":"riff-lys-et-tulipe-detang-ps0111-10","status":"publish","type":"product","link":"https:\/\/roigk.de\/fr\/riff-lys-et-tulipe-detang-ps0111-10\/","title":{"rendered":"Lys d&rsquo;\u00e9tang et tulipe des mares PS0111-10"},"content":{"rendered":"","protected":false},"excerpt":{"rendered":"<p>Une l\u00e9g\u00e8re pluie d&#8217;\u00e9t\u00e9 d&#8217;un c\u00f4t\u00e9 et une soudaine averse de l&#8217;autre se compl\u00e8tent pour former un ensemble harmonieux.<\/p>\n<p>Hauteur : 3 400 mm<br \/>D\u00e9bit d&#8217;eau : 9 \u00e0 12 l\/min<br \/>Pression de l&#8217;eau : 0,7 \u00e0 1,1 bar<br \/>Groupe cible : les enfants<br \/>Positionnement : Aires de jeux d&#8217;eau (WT max. recommand\u00e9 = 200 mm)<br \/>Mat\u00e9riau : acier inoxydable V4A (1.4571), verre color\u00e9<\/p>\n","protected":false},"featured_media":9591,"template":"","meta":{"_acf_changed":false},"product_brand":[],"product_cat":[177],"product_tag":[],"class_list":{"0":"post-17168","1":"product","2":"type-product","3":"status-publish","4":"has-post-thumbnail","6":"product_cat-riff-zoo-fr","8":"first","9":"instock","10":"taxable","11":"shipping-taxable","12":"purchasable","13":"product-type-simple"},"acf":[],"_links":{"self":[{"href":"https:\/\/roigk.de\/fr\/wp-json\/wp\/v2\/product\/17168","targetHints":{"allow":["GET"]}}],"collection":[{"href":"https:\/\/roigk.de\/fr\/wp-json\/wp\/v2\/product"}],"about":[{"href":"https:\/\/roigk.de\/fr\/wp-json\/wp\/v2\/types\/product"}],"wp:featuredmedia":[{"embeddable":true,"href":"https:\/\/roigk.de\/fr\/wp-json\/wp\/v2\/media\/9591"}],"wp:attachment":[{"href":"https:\/\/roigk.de\/fr\/wp-json\/wp\/v2\/media?parent=17168"}],"wp:term":[{"taxonomy":"product_brand","embeddable":true,"href":"https:\/\/roigk.de\/fr\/wp-json\/wp\/v2\/product_brand?post=17168"},{"taxonomy":"product_cat","embeddable":true,"href":"https:\/\/roigk.de\/fr\/wp-json\/wp\/v2\/product_cat?post=17168"},{"taxonomy":"product_tag","embeddable":true,"href":"https:\/\/roigk.de\/fr\/wp-json\/wp\/v2\/product_tag?post=17168"}],"curies":[{"name":"wp","href":"https:\/\/api.w.org\/{rel}","templated":true}]}}