{"id":17172,"date":"2020-07-20T14:32:45","date_gmt":"2020-07-20T14:32:45","guid":{"rendered":"http:\/\/roigk.de\/produkt\/riff-tete-de-dragon-deau-ps0078-50\/"},"modified":"2026-01-21T08:51:39","modified_gmt":"2026-01-21T08:51:39","slug":"riff-tete-de-dragon-deau-ps0078-50","status":"publish","type":"product","link":"https:\/\/roigk.de\/fr\/riff-tete-de-dragon-deau-ps0078-50\/","title":{"rendered":"T\u00eate Dragon PS0078-50"},"content":{"rendered":"","protected":false},"excerpt":{"rendered":"<p>Le dragon d&#8217;eau est le point de rep\u00e8re de la zone de jeux d&#8217;eau. Reconnaissable de loin, il crache son feu avec d\u00e9lectation &#8211; ou n&#8217;est-ce que de l&#8217;eau ? Un rafra\u00eechissement avec des jets d&#8217;eau doux sous forme d&#8217;\u00e9ventail.<\/p>\n<p>Hauteur : 3 550 mm<br \/>D\u00e9bit d&#8217;eau : 8 \u00e0 38 l\/min<br \/>Pression de l&#8217;eau : 0,3 \u00e0 0,6 bar<br \/>Groupe cible : les enfants<br \/>Positionnement : Aires de jeux d&#8217;eau (WT max. recommand\u00e9 = 200 mm)<br \/>Mat\u00e9riau : acier inoxydable V4A (1.4571), verre color\u00e9<\/p>\n","protected":false},"featured_media":29339,"template":"","meta":{"_acf_changed":false},"product_brand":[],"product_cat":[177],"product_tag":[],"class_list":{"0":"post-17172","1":"product","2":"type-product","3":"status-publish","4":"has-post-thumbnail","6":"product_cat-riff-zoo-fr","8":"first","9":"instock","10":"taxable","11":"shipping-taxable","12":"purchasable","13":"product-type-simple"},"acf":[],"_links":{"self":[{"href":"https:\/\/roigk.de\/fr\/wp-json\/wp\/v2\/product\/17172","targetHints":{"allow":["GET"]}}],"collection":[{"href":"https:\/\/roigk.de\/fr\/wp-json\/wp\/v2\/product"}],"about":[{"href":"https:\/\/roigk.de\/fr\/wp-json\/wp\/v2\/types\/product"}],"wp:featuredmedia":[{"embeddable":true,"href":"https:\/\/roigk.de\/fr\/wp-json\/wp\/v2\/media\/29339"}],"wp:attachment":[{"href":"https:\/\/roigk.de\/fr\/wp-json\/wp\/v2\/media?parent=17172"}],"wp:term":[{"taxonomy":"product_brand","embeddable":true,"href":"https:\/\/roigk.de\/fr\/wp-json\/wp\/v2\/product_brand?post=17172"},{"taxonomy":"product_cat","embeddable":true,"href":"https:\/\/roigk.de\/fr\/wp-json\/wp\/v2\/product_cat?post=17172"},{"taxonomy":"product_tag","embeddable":true,"href":"https:\/\/roigk.de\/fr\/wp-json\/wp\/v2\/product_tag?post=17172"}],"curies":[{"name":"wp","href":"https:\/\/api.w.org\/{rel}","templated":true}]}}