{"id":17174,"date":"2020-07-20T15:05:22","date_gmt":"2020-07-20T15:05:22","guid":{"rendered":"http:\/\/roigk.de\/produkt\/chute-deau-r8516-800\/"},"modified":"2026-01-21T08:51:45","modified_gmt":"2026-01-21T08:51:45","slug":"chute-deau-r8516-800","status":"publish","type":"product","link":"https:\/\/roigk.de\/fr\/chute-deau-r8516-800\/","title":{"rendered":"Col de cygne trap\u00e9zo\u00efdal, largeur 800mm R8516-800"},"content":{"rendered":"","protected":false},"excerpt":{"rendered":"<p>Un design trap\u00e9zo\u00efdal classique associ\u00e9 \u00e0 un effet d&#8217;eau laminaire sensationnellement doux et intense. Mat\u00e9riau de haute qualit\u00e9, mat-brillant.<\/p>\n<p>Largeur : 800 mm<br \/>Hauteur : 1.150 mm<br \/>profondeur : 700 mm<br \/>Quantit\u00e9 d&#8217;eau : environ 14 \u00e0 20 m\u00b3\/h<br \/>Pression de l&#8217;eau : environ 0,1 \u00e0 0,15 bar<br \/>Mat\u00e9riau : acier inoxydable V4A (1.4571)<\/p>\n","protected":false},"featured_media":11367,"template":"","meta":{"_acf_changed":false},"product_brand":[],"product_cat":[188],"product_tag":[],"class_list":{"0":"post-17174","1":"product","2":"type-product","3":"status-publish","4":"has-post-thumbnail","6":"product_cat-chutes-deau-et-cols-de-cygne","8":"first","9":"instock","10":"taxable","11":"shipping-taxable","12":"purchasable","13":"product-type-simple"},"acf":[],"_links":{"self":[{"href":"https:\/\/roigk.de\/fr\/wp-json\/wp\/v2\/product\/17174","targetHints":{"allow":["GET"]}}],"collection":[{"href":"https:\/\/roigk.de\/fr\/wp-json\/wp\/v2\/product"}],"about":[{"href":"https:\/\/roigk.de\/fr\/wp-json\/wp\/v2\/types\/product"}],"wp:featuredmedia":[{"embeddable":true,"href":"https:\/\/roigk.de\/fr\/wp-json\/wp\/v2\/media\/11367"}],"wp:attachment":[{"href":"https:\/\/roigk.de\/fr\/wp-json\/wp\/v2\/media?parent=17174"}],"wp:term":[{"taxonomy":"product_brand","embeddable":true,"href":"https:\/\/roigk.de\/fr\/wp-json\/wp\/v2\/product_brand?post=17174"},{"taxonomy":"product_cat","embeddable":true,"href":"https:\/\/roigk.de\/fr\/wp-json\/wp\/v2\/product_cat?post=17174"},{"taxonomy":"product_tag","embeddable":true,"href":"https:\/\/roigk.de\/fr\/wp-json\/wp\/v2\/product_tag?post=17174"}],"curies":[{"name":"wp","href":"https:\/\/api.w.org\/{rel}","templated":true}]}}