{"id":17182,"date":"2020-07-20T14:31:51","date_gmt":"2020-07-20T14:31:51","guid":{"rendered":"http:\/\/roigk.de\/produkt\/riff-nenuphar-et-fougere-deau-ps0094-10\/"},"modified":"2026-01-21T08:52:17","modified_gmt":"2026-01-21T08:52:17","slug":"riff-nenuphar-et-fougere-deau-ps0094-10","status":"publish","type":"product","link":"https:\/\/roigk.de\/fr\/riff-nenuphar-et-fougere-deau-ps0094-10\/","title":{"rendered":"Lys d&rsquo;\u00e9tang et foug\u00e8re aquatique PS0094-10"},"content":{"rendered":"","protected":false},"excerpt":{"rendered":"<p>A intervalles irr\u00e9guliers, la fleur se renverse et offre aux enfants une douche&nbsp;<span>fra\u00eeche et<\/span>&nbsp;surprenante. Un \u00e9norme plaisir. La brume d&#8217;eau de la foug\u00e8re donne \u00e0 la zone une touche myst\u00e9rieuse et rafra\u00eechit bien en \u00e9t\u00e9.<\/p>\n<p>Hauteur : 3.500 mm<br \/>D\u00e9bit d&#8217;eau : 16 \u00e0 22 l\/min<br \/>Pression de l&#8217;eau : 1,2 \u00e0 2 bar<br \/>Groupe cible : les enfants<br \/>Positionnement : Aires de jeux d&#8217;eau (WT max. recommand\u00e9 = 200 mm)<br \/>Mat\u00e9riau : acier inoxydable V4A (1.4571), verre color\u00e9<\/p>\n","protected":false},"featured_media":29360,"template":"","meta":{"_acf_changed":false},"product_brand":[],"product_cat":[177],"product_tag":[],"class_list":{"0":"post-17182","1":"product","2":"type-product","3":"status-publish","4":"has-post-thumbnail","6":"product_cat-riff-zoo-fr","8":"first","9":"instock","10":"taxable","11":"shipping-taxable","12":"purchasable","13":"product-type-simple"},"acf":[],"_links":{"self":[{"href":"https:\/\/roigk.de\/fr\/wp-json\/wp\/v2\/product\/17182","targetHints":{"allow":["GET"]}}],"collection":[{"href":"https:\/\/roigk.de\/fr\/wp-json\/wp\/v2\/product"}],"about":[{"href":"https:\/\/roigk.de\/fr\/wp-json\/wp\/v2\/types\/product"}],"wp:featuredmedia":[{"embeddable":true,"href":"https:\/\/roigk.de\/fr\/wp-json\/wp\/v2\/media\/29360"}],"wp:attachment":[{"href":"https:\/\/roigk.de\/fr\/wp-json\/wp\/v2\/media?parent=17182"}],"wp:term":[{"taxonomy":"product_brand","embeddable":true,"href":"https:\/\/roigk.de\/fr\/wp-json\/wp\/v2\/product_brand?post=17182"},{"taxonomy":"product_cat","embeddable":true,"href":"https:\/\/roigk.de\/fr\/wp-json\/wp\/v2\/product_cat?post=17182"},{"taxonomy":"product_tag","embeddable":true,"href":"https:\/\/roigk.de\/fr\/wp-json\/wp\/v2\/product_tag?post=17182"}],"curies":[{"name":"wp","href":"https:\/\/api.w.org\/{rel}","templated":true}]}}