{"id":17188,"date":"2020-07-20T15:22:45","date_gmt":"2020-07-20T15:22:45","guid":{"rendered":"http:\/\/roigk.de\/produkt\/craft-canon-a-eau-landau-red-r201701-30\/"},"modified":"2026-01-21T08:52:37","modified_gmt":"2026-01-21T08:52:37","slug":"craft-canon-a-eau-landau-red-r201701-30","status":"publish","type":"product","link":"https:\/\/roigk.de\/fr\/craft-canon-a-eau-landau-red-r201701-30\/","title":{"rendered":"Canon \u00e0 eau Landau RED R201701-30"},"content":{"rendered":"","protected":false},"excerpt":{"rendered":"<p>D\u00e9veloppement du canon \u00e0 eau Landau qui fait ses preuves. Maintenant disponible avec t\u00eate de canon color\u00e9e et buse dirig\u00e9e vers le haut. M\u00eame les plus petits enfants se r\u00e9jouiront d&#8217;une vraie bataille d&#8217;eau! Avec soupape de temporisation.<\/p>\n<p>Hauteur : environ 860 mm<br \/>Angle de pulv\u00e9risation : environ 90 degr\u00e9s \u00e0 l&#8217;horizontale (avec but\u00e9e)<br \/>D\u00e9bit d&#8217;eau : 4 \u00e0 5 l\/min<br \/>Pression de l&#8217;eau : 1 \u00e0 2 bar<br \/>Groupe cible : enfants en bas \u00e2ge<br \/>Positionnement : au bord de la piscine ou dans la zone de l&#8217;\u00e9l\u00e9ment d&#8217;eau (WT max. = 0 mm)<br \/>Mat\u00e9riau : acier inoxydable V4A (1.4571)<\/p>\n","protected":false},"featured_media":11739,"template":"","meta":{"_acf_changed":false},"product_brand":[],"product_cat":[170],"product_tag":[],"class_list":{"0":"post-17188","1":"product","2":"type-product","3":"status-publish","4":"has-post-thumbnail","6":"product_cat-craft-action-interactive","8":"first","9":"instock","10":"taxable","11":"shipping-taxable","12":"purchasable","13":"product-type-simple"},"acf":[],"_links":{"self":[{"href":"https:\/\/roigk.de\/fr\/wp-json\/wp\/v2\/product\/17188","targetHints":{"allow":["GET"]}}],"collection":[{"href":"https:\/\/roigk.de\/fr\/wp-json\/wp\/v2\/product"}],"about":[{"href":"https:\/\/roigk.de\/fr\/wp-json\/wp\/v2\/types\/product"}],"wp:featuredmedia":[{"embeddable":true,"href":"https:\/\/roigk.de\/fr\/wp-json\/wp\/v2\/media\/11739"}],"wp:attachment":[{"href":"https:\/\/roigk.de\/fr\/wp-json\/wp\/v2\/media?parent=17188"}],"wp:term":[{"taxonomy":"product_brand","embeddable":true,"href":"https:\/\/roigk.de\/fr\/wp-json\/wp\/v2\/product_brand?post=17188"},{"taxonomy":"product_cat","embeddable":true,"href":"https:\/\/roigk.de\/fr\/wp-json\/wp\/v2\/product_cat?post=17188"},{"taxonomy":"product_tag","embeddable":true,"href":"https:\/\/roigk.de\/fr\/wp-json\/wp\/v2\/product_tag?post=17188"}],"curies":[{"name":"wp","href":"https:\/\/api.w.org\/{rel}","templated":true}]}}