{"id":17190,"date":"2021-01-19T23:03:32","date_gmt":"2021-01-19T23:03:32","guid":{"rendered":"http:\/\/roigk.de\/produkt\/champignon-deau-avec-soupape-de-temporisation-r8214-1000z\/"},"modified":"2021-04-19T08:13:37","modified_gmt":"2021-04-19T08:13:37","slug":"champignon-deau-avec-soupape-de-temporisation-r8214-1000z","status":"publish","type":"product","link":"https:\/\/roigk.de\/fr\/champignon-deau-avec-soupape-de-temporisation-r8214-1000z\/","title":{"rendered":"Champignon d&rsquo;eau avec soupape de temporisation R8214-1000Z"},"content":{"rendered":"","protected":false},"excerpt":{"rendered":"<p>Interactivit\u00e9 gr\u00e2ce \u00e0 l&#8217;activation ind\u00e9pendante du champignon d&#8217;eau par les enfants. Peut \u00eatre utilis\u00e9 comme attraction aquatique ou comme douche pour les enfants. La quantit\u00e9 d&#8217;eau consid\u00e9rablement r\u00e9duite cr\u00e9e un effet de gouttelettes, qui est \u00e0 la fois tr\u00e8s adapt\u00e9 aux enfants en bas \u00e2ge et permet d&#8217;\u00e9conomiser de l&#8217;eau.<\/p>\n<p>Diam\u00e8tre du champignon : 1.000 mm<br \/>Hauteurs : 1 600 ou 2 250 mm<br \/>D\u00e9bit d&#8217;eau : 60 l\/min<br \/>Pression de l&#8217;eau : 1,5 \u00e0 2,5 bar<br \/>Groupe cible : enfants et enfants en bas \u00e2ge<br \/>Positionnement : dans la pataugeoire ou sur l&#8217;aire de jeux aquatiques<br \/>Mat\u00e9riau : acier inoxydable V4A (1.4571), plastique renforc\u00e9 de fibres de verre (GfK)<\/p>\n","protected":false},"featured_media":11771,"template":"","meta":{"_acf_changed":false},"product_brand":[],"product_cat":[170,15],"product_tag":[],"class_list":{"0":"post-17190","1":"product","2":"type-product","3":"status-publish","4":"has-post-thumbnail","6":"product_cat-craft-action-interactive","7":"product_cat-unkategorisiert","9":"first","10":"instock","11":"taxable","12":"shipping-taxable","13":"purchasable","14":"product-type-simple"},"acf":[],"_links":{"self":[{"href":"https:\/\/roigk.de\/fr\/wp-json\/wp\/v2\/product\/17190","targetHints":{"allow":["GET"]}}],"collection":[{"href":"https:\/\/roigk.de\/fr\/wp-json\/wp\/v2\/product"}],"about":[{"href":"https:\/\/roigk.de\/fr\/wp-json\/wp\/v2\/types\/product"}],"wp:featuredmedia":[{"embeddable":true,"href":"https:\/\/roigk.de\/fr\/wp-json\/wp\/v2\/media\/11771"}],"wp:attachment":[{"href":"https:\/\/roigk.de\/fr\/wp-json\/wp\/v2\/media?parent=17190"}],"wp:term":[{"taxonomy":"product_brand","embeddable":true,"href":"https:\/\/roigk.de\/fr\/wp-json\/wp\/v2\/product_brand?post=17190"},{"taxonomy":"product_cat","embeddable":true,"href":"https:\/\/roigk.de\/fr\/wp-json\/wp\/v2\/product_cat?post=17190"},{"taxonomy":"product_tag","embeddable":true,"href":"https:\/\/roigk.de\/fr\/wp-json\/wp\/v2\/product_tag?post=17190"}],"curies":[{"name":"wp","href":"https:\/\/api.w.org\/{rel}","templated":true}]}}