{"id":17205,"date":"2020-07-20T14:26:03","date_gmt":"2021-01-19T23:04:23","guid":{"rendered":"http:\/\/roigk.de\/produkt\/e-roue-a-eau-fibre-de-verre-renforcee-600-pour-machine-a-mouvement\/"},"modified":"2022-08-15T12:27:43","modified_gmt":"2022-08-15T12:27:43","slug":"e-roue-a-eau-fibre-de-verre-renforcee-600-pour-machine-a-mouvement","status":"publish","type":"product","link":"https:\/\/roigk.de\/fr\/e-roue-a-eau-fibre-de-verre-renforcee-600-pour-machine-a-mouvement\/","title":{"rendered":"E# Roue \u00e0 eau fibre de verre renforc\u00e9e 600 (pour machine \u00e0 mouvement)"},"content":{"rendered":"","protected":false},"excerpt":{"rendered":"<p><span>Conform\u00e9ment \u00e0 l&#8217;illustration, sans autres accessoires<\/span><br \/><span>Mat\u00e9riel : fibre de verre renforc\u00e9e<\/span><br \/><span>Taille : 600 x 120 mm<\/span><b><\/b><i><\/i><\/p>\n","protected":false},"featured_media":9021,"template":"","meta":{"_acf_changed":false},"product_brand":[],"product_cat":[137],"product_tag":[],"class_list":{"0":"post-17205","1":"product","2":"type-product","3":"status-publish","4":"has-post-thumbnail","6":"product_cat-attractions-et-cols-de-cygne-pieces-detachees","8":"first","9":"outofstock","10":"taxable","11":"shipping-taxable","12":"purchasable","13":"product-type-simple"},"acf":[],"_links":{"self":[{"href":"https:\/\/roigk.de\/fr\/wp-json\/wp\/v2\/product\/17205","targetHints":{"allow":["GET"]}}],"collection":[{"href":"https:\/\/roigk.de\/fr\/wp-json\/wp\/v2\/product"}],"about":[{"href":"https:\/\/roigk.de\/fr\/wp-json\/wp\/v2\/types\/product"}],"wp:featuredmedia":[{"embeddable":true,"href":"https:\/\/roigk.de\/fr\/wp-json\/wp\/v2\/media\/9021"}],"wp:attachment":[{"href":"https:\/\/roigk.de\/fr\/wp-json\/wp\/v2\/media?parent=17205"}],"wp:term":[{"taxonomy":"product_brand","embeddable":true,"href":"https:\/\/roigk.de\/fr\/wp-json\/wp\/v2\/product_brand?post=17205"},{"taxonomy":"product_cat","embeddable":true,"href":"https:\/\/roigk.de\/fr\/wp-json\/wp\/v2\/product_cat?post=17205"},{"taxonomy":"product_tag","embeddable":true,"href":"https:\/\/roigk.de\/fr\/wp-json\/wp\/v2\/product_tag?post=17205"}],"curies":[{"name":"wp","href":"https:\/\/api.w.org\/{rel}","templated":true}]}}