{"id":17240,"date":"2021-01-19T23:05:33","date_gmt":"2021-01-19T23:05:33","guid":{"rendered":"http:\/\/roigk.de\/produkt\/toboggan-fibre-de-verre-r152-1-1\/"},"modified":"2026-01-21T08:54:41","modified_gmt":"2026-01-21T08:54:41","slug":"toboggan-fibre-de-verre-r152-1-1","status":"publish","type":"product","link":"https:\/\/roigk.de\/fr\/toboggan-fibre-de-verre-r152-1-1\/","title":{"rendered":"Toboggan fibre de verre R152-1.1"},"content":{"rendered":"","protected":false},"excerpt":{"rendered":"<p>Toboggan robuste et s\u00fbr pour les piscines publiques, en GRP, avec \u00e9chelle en acier inoxydable. <br \/>En option, l&rsquo;\u00e9chelle et les pieds en acier inoxydable peuvent \u00eatre adapt\u00e9s en fonction du bassin. Cela s&rsquo;impose par exemple pour les t\u00eates de bassin sur\u00e9lev\u00e9es ou les goulottes situ\u00e9es en profondeur. <\/p>\n<p>Classification selon la norme DIN EN 1069 : type 1.2<br \/>Dimensions (L\/L\/H) : env. 3.300 x 650 x 2.100 mm<br \/>Hauteur de la plate-forme : 1.100 mm<br \/>Mat\u00e9riau : plastique renforc\u00e9 de fibres de verre (GRP), acier inoxydable V4A (1.4571)<br \/>Groupe cible : enfants et petits enfants selon la profondeur de l&rsquo;eau<br \/>Positionnement : au bord du bassin avec WT = \u00e0 partir d&rsquo;env. 700 mm<\/p>\n","protected":false},"featured_media":29497,"template":"","meta":{"_acf_changed":false},"product_brand":[],"product_cat":[191],"product_tag":[],"class_list":{"0":"post-17240","1":"product","2":"type-product","3":"status-publish","4":"has-post-thumbnail","6":"product_cat-toboggans-aquatiques-rapides-et-colores","8":"first","9":"instock","10":"taxable","11":"shipping-taxable","12":"purchasable","13":"product-type-simple"},"acf":[],"_links":{"self":[{"href":"https:\/\/roigk.de\/fr\/wp-json\/wp\/v2\/product\/17240","targetHints":{"allow":["GET"]}}],"collection":[{"href":"https:\/\/roigk.de\/fr\/wp-json\/wp\/v2\/product"}],"about":[{"href":"https:\/\/roigk.de\/fr\/wp-json\/wp\/v2\/types\/product"}],"wp:featuredmedia":[{"embeddable":true,"href":"https:\/\/roigk.de\/fr\/wp-json\/wp\/v2\/media\/29497"}],"wp:attachment":[{"href":"https:\/\/roigk.de\/fr\/wp-json\/wp\/v2\/media?parent=17240"}],"wp:term":[{"taxonomy":"product_brand","embeddable":true,"href":"https:\/\/roigk.de\/fr\/wp-json\/wp\/v2\/product_brand?post=17240"},{"taxonomy":"product_cat","embeddable":true,"href":"https:\/\/roigk.de\/fr\/wp-json\/wp\/v2\/product_cat?post=17240"},{"taxonomy":"product_tag","embeddable":true,"href":"https:\/\/roigk.de\/fr\/wp-json\/wp\/v2\/product_tag?post=17240"}],"curies":[{"name":"wp","href":"https:\/\/api.w.org\/{rel}","templated":true}]}}