{"id":17250,"date":"2020-07-22T06:32:02","date_gmt":"2020-07-22T06:32:02","guid":{"rendered":"http:\/\/roigk.de\/produkt\/champignon-a-voile-deau-r8213-entierement-en-acier-inoxydable\/"},"modified":"2026-01-21T08:54:54","modified_gmt":"2026-01-21T08:54:54","slug":"champignon-a-voile-deau-r8213-entierement-en-acier-inoxydable","status":"publish","type":"product","link":"https:\/\/roigk.de\/fr\/champignon-a-voile-deau-r8213-entierement-en-acier-inoxydable\/","title":{"rendered":"Champignon \u00e0 voile d&rsquo;eau R8213 (enti\u00e8rement en acier inoxydable)"},"content":{"rendered":"","protected":false},"excerpt":{"rendered":"<p>Comme un grand voile d&#8217;eau agr\u00e9able, l&#8217;eau tombe sur les visiteurs dans le bassin d&#8217;attraction. Le champignon d&#8217;eau d\u00e9coratif attire \u00e9galement l&#8217;attention lorsqu&#8217;il ne fonctionne pas, car il est enti\u00e8rement fabriqu\u00e9 en acier inoxydable mat.<br \/>Quantit\u00e9 d&#8217;eau : environ 180 m\u00b3\/h<br \/>Hauteur : 2 515 mm<br \/>Diam\u00e8tre : 2.000 mm<br \/>Groupe cible : jeunes et adultes<br \/>Positionnement : dans le pool d&#8217;attraction<br \/>Mat\u00e9riau : acier inoxydable V4A (1.4571)<\/p>\n","protected":false},"featured_media":12367,"template":"","meta":{"_acf_changed":false},"product_brand":[],"product_cat":[170],"product_tag":[],"class_list":{"0":"post-17250","1":"product","2":"type-product","3":"status-publish","4":"has-post-thumbnail","6":"product_cat-craft-action-interactive","8":"first","9":"instock","10":"taxable","11":"shipping-taxable","12":"purchasable","13":"product-type-simple"},"acf":[],"_links":{"self":[{"href":"https:\/\/roigk.de\/fr\/wp-json\/wp\/v2\/product\/17250","targetHints":{"allow":["GET"]}}],"collection":[{"href":"https:\/\/roigk.de\/fr\/wp-json\/wp\/v2\/product"}],"about":[{"href":"https:\/\/roigk.de\/fr\/wp-json\/wp\/v2\/types\/product"}],"wp:featuredmedia":[{"embeddable":true,"href":"https:\/\/roigk.de\/fr\/wp-json\/wp\/v2\/media\/12367"}],"wp:attachment":[{"href":"https:\/\/roigk.de\/fr\/wp-json\/wp\/v2\/media?parent=17250"}],"wp:term":[{"taxonomy":"product_brand","embeddable":true,"href":"https:\/\/roigk.de\/fr\/wp-json\/wp\/v2\/product_brand?post=17250"},{"taxonomy":"product_cat","embeddable":true,"href":"https:\/\/roigk.de\/fr\/wp-json\/wp\/v2\/product_cat?post=17250"},{"taxonomy":"product_tag","embeddable":true,"href":"https:\/\/roigk.de\/fr\/wp-json\/wp\/v2\/product_tag?post=17250"}],"curies":[{"name":"wp","href":"https:\/\/api.w.org\/{rel}","templated":true}]}}