{"id":17252,"date":"2020-07-20T14:35:08","date_gmt":"2020-07-20T14:35:08","guid":{"rendered":"http:\/\/roigk.de\/produkt\/e-pomme-de-douche-a-economie-deau-r86121-pour-douche-autonome-r43-r43d-r43k\/"},"modified":"2026-01-21T08:55:01","modified_gmt":"2026-01-21T08:55:01","slug":"e-pomme-de-douche-a-economie-deau-r86121-pour-douche-autonome-r43-r43d-r43k","status":"publish","type":"product","link":"https:\/\/roigk.de\/fr\/e-pomme-de-douche-a-economie-deau-r86121-pour-douche-autonome-r43-r43d-r43k\/","title":{"rendered":"E# Pomme de douche \u00e0 \u00e9conomie d&rsquo;eau R86121 (pour douche autonome R43, R43D, R43K)"},"content":{"rendered":"","protected":false},"excerpt":{"rendered":"<p>Avec un jet de douche puissant (on ne se rend pas compte que beaucoup moins d&#8217;eau coule)<br \/>Support en acier inoxydable avec buse en plastique, pomme de douche anti-calcaire \u00e0 \u00e9conomie d&#8217;eau avec jet d&#8217;eau conique et effervescent \u00e0 effet nettoyant intensif.<\/p>\n","protected":false},"featured_media":9719,"template":"","meta":{"_acf_changed":false},"product_brand":[],"product_cat":[139],"product_tag":[],"class_list":{"0":"post-17252","1":"product","2":"type-product","3":"status-publish","4":"has-post-thumbnail","6":"product_cat-douches-pieces-detachees","8":"first","9":"instock","10":"taxable","11":"shipping-taxable","12":"purchasable","13":"product-type-simple"},"acf":[],"_links":{"self":[{"href":"https:\/\/roigk.de\/fr\/wp-json\/wp\/v2\/product\/17252","targetHints":{"allow":["GET"]}}],"collection":[{"href":"https:\/\/roigk.de\/fr\/wp-json\/wp\/v2\/product"}],"about":[{"href":"https:\/\/roigk.de\/fr\/wp-json\/wp\/v2\/types\/product"}],"wp:featuredmedia":[{"embeddable":true,"href":"https:\/\/roigk.de\/fr\/wp-json\/wp\/v2\/media\/9719"}],"wp:attachment":[{"href":"https:\/\/roigk.de\/fr\/wp-json\/wp\/v2\/media?parent=17252"}],"wp:term":[{"taxonomy":"product_brand","embeddable":true,"href":"https:\/\/roigk.de\/fr\/wp-json\/wp\/v2\/product_brand?post=17252"},{"taxonomy":"product_cat","embeddable":true,"href":"https:\/\/roigk.de\/fr\/wp-json\/wp\/v2\/product_cat?post=17252"},{"taxonomy":"product_tag","embeddable":true,"href":"https:\/\/roigk.de\/fr\/wp-json\/wp\/v2\/product_tag?post=17252"}],"curies":[{"name":"wp","href":"https:\/\/api.w.org\/{rel}","templated":true}]}}