{"id":17254,"date":"2020-07-20T15:19:48","date_gmt":"2020-07-20T15:19:48","guid":{"rendered":"http:\/\/roigk.de\/produkt\/pomme-de-douche-a-economie-deau-pour-fixation-murale-r52\/"},"modified":"2026-01-21T08:55:10","modified_gmt":"2026-01-21T08:55:10","slug":"pomme-de-douche-a-economie-deau-pour-fixation-murale-r52","status":"publish","type":"product","link":"https:\/\/roigk.de\/fr\/pomme-de-douche-a-economie-deau-pour-fixation-murale-r52\/","title":{"rendered":"Pomme de douche \u00e0 \u00e9conomie d&rsquo;eau pour fixation murale R52"},"content":{"rendered":"","protected":false},"excerpt":{"rendered":"<p>La r\u00e9volution en mati\u00e8re d&#8217;\u00e9conomie d&#8217;eau, d&#8217;\u00e9nergie, de protection contre le vandalisme, de r\u00e9glage et de conception. Le secret est le jet d&#8217;eau : par rapport aux pommes de douche &#8220;normales&#8221; qui \u00e9conomisent l&#8217;eau. Il est agr\u00e9able, avec des gouttes \u00e9paisses et m\u00eame avec de faibles quantit\u00e9s d&#8217;eau, les cheveux longs peuvent \u00eatre bien lav\u00e9s sans probl\u00e8me. Les installations existantes peuvent \u00eatre converties sans probl\u00e8me gr\u00e2ce \u00e0 la connexion 1\/2\u2033, et les co\u00fbts d&#8217;investissement sont normalement amortis en quelques mois. Des r\u00e9glages flexibles permettent de focaliser le jet de telle sorte qu&#8217;il y ait peu de perte d&#8217;eau et de diffusion de la chaleur. Les gouttes \u00e9paisses gardent <span>longtemps<\/span> la chaleur dans l&#8217;eau. Sa conception ronde en acier inoxydable massif et sa cl\u00e9 sp\u00e9ciale le rendent r\u00e9sistant au vandalisme.<\/p>\n<p>Autres avantages :<br \/>&#8211; r\u00e9glable en continu : 5 \u00e0 11 l\/min <br \/>&#8211; r\u00e9sistant au vandalisme, n\u00e9cessitant peu d&#8217;entretien et&nbsp;auto-d\u00e9tartrant<br \/>&#8211; la direction et la largeur du faisceau sont r\u00e9glables sur place<br \/>&#8211; a\u00e9ration et vidange sont automatiques<br \/>&#8211; tr\u00e8s hygi\u00e9nique, facile \u00e0 nettoyer et peu bruyant<\/p>\n<p>Groupe cible : \u00e9quipements de loisirs, douches d&#8217;entreprise, grands logements<br \/>Mat\u00e9riau : acier inoxydable V4A (1.4571), laiton, plastique, caoutchouc<\/p>\n","protected":false},"featured_media":11651,"template":"","meta":{"_acf_changed":false},"product_brand":[],"product_cat":[192,163],"product_tag":[],"class_list":{"0":"post-17254","1":"product","2":"type-product","3":"status-publish","4":"has-post-thumbnail","6":"product_cat-bien-etre-bain-de-pieds-bancs-chauffants-et-douches-murales-economes-en-eau","7":"product_cat-douches-verticales-et-equipement-de-piscine-exterieure-fr","9":"first","10":"instock","11":"taxable","12":"shipping-taxable","13":"purchasable","14":"product-type-simple"},"acf":[],"_links":{"self":[{"href":"https:\/\/roigk.de\/fr\/wp-json\/wp\/v2\/product\/17254","targetHints":{"allow":["GET"]}}],"collection":[{"href":"https:\/\/roigk.de\/fr\/wp-json\/wp\/v2\/product"}],"about":[{"href":"https:\/\/roigk.de\/fr\/wp-json\/wp\/v2\/types\/product"}],"wp:featuredmedia":[{"embeddable":true,"href":"https:\/\/roigk.de\/fr\/wp-json\/wp\/v2\/media\/11651"}],"wp:attachment":[{"href":"https:\/\/roigk.de\/fr\/wp-json\/wp\/v2\/media?parent=17254"}],"wp:term":[{"taxonomy":"product_brand","embeddable":true,"href":"https:\/\/roigk.de\/fr\/wp-json\/wp\/v2\/product_brand?post=17254"},{"taxonomy":"product_cat","embeddable":true,"href":"https:\/\/roigk.de\/fr\/wp-json\/wp\/v2\/product_cat?post=17254"},{"taxonomy":"product_tag","embeddable":true,"href":"https:\/\/roigk.de\/fr\/wp-json\/wp\/v2\/product_tag?post=17254"}],"curies":[{"name":"wp","href":"https:\/\/api.w.org\/{rel}","templated":true}]}}