{"id":17265,"date":"2020-07-20T15:23:56","date_gmt":"2020-07-20T15:23:56","guid":{"rendered":"http:\/\/roigk.de\/produkt\/elephant-de-mer-benny-r202007\/"},"modified":"2026-01-21T08:55:38","modified_gmt":"2026-01-21T08:55:38","slug":"elephant-de-mer-benny-r202007","status":"publish","type":"product","link":"https:\/\/roigk.de\/fr\/elephant-de-mer-benny-r202007\/","title":{"rendered":"El\u00e9phant de mer Benny R202007"},"content":{"rendered":"","protected":false},"excerpt":{"rendered":"<p>Joli, par exemple en combinaison avec le phoque Robby. Cet \u00e9l\u00e9phant \u00e9clabousse verticalement comme une fontaine et offre ainsi un effet d\u2019eau tr\u00e8s particulier.&nbsp;<\/p>\n<p>Taille (L-L-H) : environ 1 000 x 600 x 1 200 mm<br \/>D\u00e9bit d\u2019eau : 2 \u00e0 3 l\/min<br \/>Pression : 0,2 \u00e0 0,3 bar (avec soupape de temporisation d\u2019au moins 1 bar)<br \/>Groupe cible : enfants en bas \u00e2ge et enfants<br \/>Placement : dans le bassin des tout-petits, avec socle si n\u00e9cessaire<br \/>Mat\u00e9riau : Plastique renforc\u00e9 de fibres de verre (GfK)<\/p>\n","protected":false},"featured_media":11846,"template":"","meta":{"_acf_changed":false},"product_brand":[],"product_cat":[182],"product_tag":[],"class_list":{"0":"post-17265","1":"product","2":"type-product","3":"status-publish","4":"has-post-thumbnail","6":"product_cat-parc-animalier-fibre-de-verre-renforcee-adorables-animaux","8":"first","9":"instock","10":"taxable","11":"shipping-taxable","12":"purchasable","13":"product-type-simple"},"acf":[],"_links":{"self":[{"href":"https:\/\/roigk.de\/fr\/wp-json\/wp\/v2\/product\/17265","targetHints":{"allow":["GET"]}}],"collection":[{"href":"https:\/\/roigk.de\/fr\/wp-json\/wp\/v2\/product"}],"about":[{"href":"https:\/\/roigk.de\/fr\/wp-json\/wp\/v2\/types\/product"}],"wp:featuredmedia":[{"embeddable":true,"href":"https:\/\/roigk.de\/fr\/wp-json\/wp\/v2\/media\/11846"}],"wp:attachment":[{"href":"https:\/\/roigk.de\/fr\/wp-json\/wp\/v2\/media?parent=17265"}],"wp:term":[{"taxonomy":"product_brand","embeddable":true,"href":"https:\/\/roigk.de\/fr\/wp-json\/wp\/v2\/product_brand?post=17265"},{"taxonomy":"product_cat","embeddable":true,"href":"https:\/\/roigk.de\/fr\/wp-json\/wp\/v2\/product_cat?post=17265"},{"taxonomy":"product_tag","embeddable":true,"href":"https:\/\/roigk.de\/fr\/wp-json\/wp\/v2\/product_tag?post=17265"}],"curies":[{"name":"wp","href":"https:\/\/api.w.org\/{rel}","templated":true}]}}