{"id":17271,"date":"2020-07-20T14:59:05","date_gmt":"2020-07-20T14:59:05","guid":{"rendered":"http:\/\/roigk.de\/produkt\/lion-de-mer-jaillissant-deau-robby-r202015\/"},"modified":"2026-01-21T08:56:00","modified_gmt":"2026-01-21T08:56:00","slug":"lion-de-mer-jaillissant-deau-robby-r202015","status":"publish","type":"product","link":"https:\/\/roigk.de\/fr\/lion-de-mer-jaillissant-deau-robby-r202015\/","title":{"rendered":"Lion de mer jaillissant d&rsquo;eau Robby R202015"},"content":{"rendered":"","protected":false},"excerpt":{"rendered":"<p>Phoque stylis\u00e9 avec buse de pulv\u00e9risation int\u00e9gr\u00e9e dans la bouche.<\/p>\n<p>Volume d\u2019eau: 1 \u00e0 3 l \/ min<br \/>Pression: 0,2 \u00e0 0,6 bar (avec vanne temporis\u00e9e au moins 1 bar)<br \/>Groupe cible: enfants en bas \u00e2ge<br \/>Placement: dans la piscine pour petits enfants avec une base ou au bord de la piscine<br \/>Mat\u00e9riau: plastique renforc\u00e9 de fibre de verre (GRP)<\/p>\n","protected":false},"featured_media":11200,"template":"","meta":{"_acf_changed":false},"product_brand":[],"product_cat":[182],"product_tag":[],"class_list":{"0":"post-17271","1":"product","2":"type-product","3":"status-publish","4":"has-post-thumbnail","6":"product_cat-parc-animalier-fibre-de-verre-renforcee-adorables-animaux","8":"first","9":"instock","10":"taxable","11":"shipping-taxable","12":"purchasable","13":"product-type-simple"},"acf":[],"_links":{"self":[{"href":"https:\/\/roigk.de\/fr\/wp-json\/wp\/v2\/product\/17271","targetHints":{"allow":["GET"]}}],"collection":[{"href":"https:\/\/roigk.de\/fr\/wp-json\/wp\/v2\/product"}],"about":[{"href":"https:\/\/roigk.de\/fr\/wp-json\/wp\/v2\/types\/product"}],"wp:featuredmedia":[{"embeddable":true,"href":"https:\/\/roigk.de\/fr\/wp-json\/wp\/v2\/media\/11200"}],"wp:attachment":[{"href":"https:\/\/roigk.de\/fr\/wp-json\/wp\/v2\/media?parent=17271"}],"wp:term":[{"taxonomy":"product_brand","embeddable":true,"href":"https:\/\/roigk.de\/fr\/wp-json\/wp\/v2\/product_brand?post=17271"},{"taxonomy":"product_cat","embeddable":true,"href":"https:\/\/roigk.de\/fr\/wp-json\/wp\/v2\/product_cat?post=17271"},{"taxonomy":"product_tag","embeddable":true,"href":"https:\/\/roigk.de\/fr\/wp-json\/wp\/v2\/product_tag?post=17271"}],"curies":[{"name":"wp","href":"https:\/\/api.w.org\/{rel}","templated":true}]}}