{"id":17280,"date":"2020-07-20T15:23:51","date_gmt":"2020-07-20T15:23:51","guid":{"rendered":"http:\/\/roigk.de\/produkt\/rhinoceros-jet-deau-bubu-r202008\/"},"modified":"2026-01-21T08:56:14","modified_gmt":"2026-01-21T08:56:14","slug":"rhinoceros-jet-deau-bubu-r202008","status":"publish","type":"product","link":"https:\/\/roigk.de\/fr\/rhinoceros-jet-deau-bubu-r202008\/","title":{"rendered":"Rhinoc\u00e9ros jet d&rsquo;eau Bubu R202008"},"content":{"rendered":"","protected":false},"excerpt":{"rendered":"<p>L&#8217;attraction pour les enfants en bas \u00e2ge pour monter, ressentir et s&#8217;amuser. Avec jet de pulv\u00e9risation int\u00e9gr\u00e9e dans la bouche de l&#8217;animal.<\/p>\n<p>Taille (L-L-H) : environ 980 x 350 x 610 mm<br \/>D\u00e9bit d&#8217;eau : 1 \u00e0 2 l\/min<br \/>Pression : 0,1 \u00e0 0,15 bar (avec soupape de temporisation d&#8217;au moins 1 bar)<br \/>Groupe cible : enfants en bas \u00e2ge<br \/>Placement : dans le bassin pour enfants en bas \u00e2ge, si n\u00e9cessaire avec socle ou au bord du bassin<br \/>Mat\u00e9riau : Plastique renforc\u00e9 de fibres de verre (GfK)<\/p>\n","protected":false},"featured_media":11838,"template":"","meta":{"_acf_changed":false},"product_brand":[],"product_cat":[182],"product_tag":[],"class_list":{"0":"post-17280","1":"product","2":"type-product","3":"status-publish","4":"has-post-thumbnail","6":"product_cat-parc-animalier-fibre-de-verre-renforcee-adorables-animaux","8":"first","9":"instock","10":"taxable","11":"shipping-taxable","12":"purchasable","13":"product-type-simple"},"acf":[],"_links":{"self":[{"href":"https:\/\/roigk.de\/fr\/wp-json\/wp\/v2\/product\/17280","targetHints":{"allow":["GET"]}}],"collection":[{"href":"https:\/\/roigk.de\/fr\/wp-json\/wp\/v2\/product"}],"about":[{"href":"https:\/\/roigk.de\/fr\/wp-json\/wp\/v2\/types\/product"}],"wp:featuredmedia":[{"embeddable":true,"href":"https:\/\/roigk.de\/fr\/wp-json\/wp\/v2\/media\/11838"}],"wp:attachment":[{"href":"https:\/\/roigk.de\/fr\/wp-json\/wp\/v2\/media?parent=17280"}],"wp:term":[{"taxonomy":"product_brand","embeddable":true,"href":"https:\/\/roigk.de\/fr\/wp-json\/wp\/v2\/product_brand?post=17280"},{"taxonomy":"product_cat","embeddable":true,"href":"https:\/\/roigk.de\/fr\/wp-json\/wp\/v2\/product_cat?post=17280"},{"taxonomy":"product_tag","embeddable":true,"href":"https:\/\/roigk.de\/fr\/wp-json\/wp\/v2\/product_tag?post=17280"}],"curies":[{"name":"wp","href":"https:\/\/api.w.org\/{rel}","templated":true}]}}