{"id":17282,"date":"2020-07-20T15:02:07","date_gmt":"2020-07-20T15:02:07","guid":{"rendered":"http:\/\/roigk.de\/produkt\/jet-deau-r8616-800\/"},"modified":"2026-01-21T08:56:21","modified_gmt":"2026-01-21T08:56:21","slug":"jet-deau-r8616-800","status":"publish","type":"product","link":"https:\/\/roigk.de\/fr\/jet-deau-r8616-800\/","title":{"rendered":"Col de cygne sur colonne ronde, largeur 800mm R8616-800"},"content":{"rendered":"","protected":false},"excerpt":{"rendered":"<p>Avec un effet d&rsquo;eau lamin\u00e9e de 800 mm de largeur provenant d&rsquo;un tuyau r\u00e9sistant de 168 mm d&rsquo;\u00e9paisseur. Finition mate de haute qualit\u00e9. Con\u00e7u pour les piscines publiques.<\/p>\n<p>Largeur : 800 mm<br \/>Hauteur : 1500 mm ou hauteur personnalis\u00e9e<br \/>Taille du tuyau : 168 mm<br \/>D\u00e9bit d&rsquo;eau : 60 \u00e0 75 m\u00b3\/h<br \/>Pression de l&rsquo;eau : 0,2 bar<br \/>Mat\u00e9riau : Acier inoxydable V4A (1.4571 ou en option 1.4539 pour les piscines d&rsquo;eau sal\u00e9e)<\/p>\n","protected":false},"featured_media":11297,"template":"","meta":{"_acf_changed":false},"product_brand":[],"product_cat":[188],"product_tag":[],"class_list":{"0":"post-17282","1":"product","2":"type-product","3":"status-publish","4":"has-post-thumbnail","6":"product_cat-chutes-deau-et-cols-de-cygne","8":"first","9":"instock","10":"taxable","11":"shipping-taxable","12":"purchasable","13":"product-type-simple"},"acf":[],"_links":{"self":[{"href":"https:\/\/roigk.de\/fr\/wp-json\/wp\/v2\/product\/17282","targetHints":{"allow":["GET"]}}],"collection":[{"href":"https:\/\/roigk.de\/fr\/wp-json\/wp\/v2\/product"}],"about":[{"href":"https:\/\/roigk.de\/fr\/wp-json\/wp\/v2\/types\/product"}],"wp:featuredmedia":[{"embeddable":true,"href":"https:\/\/roigk.de\/fr\/wp-json\/wp\/v2\/media\/11297"}],"wp:attachment":[{"href":"https:\/\/roigk.de\/fr\/wp-json\/wp\/v2\/media?parent=17282"}],"wp:term":[{"taxonomy":"product_brand","embeddable":true,"href":"https:\/\/roigk.de\/fr\/wp-json\/wp\/v2\/product_brand?post=17282"},{"taxonomy":"product_cat","embeddable":true,"href":"https:\/\/roigk.de\/fr\/wp-json\/wp\/v2\/product_cat?post=17282"},{"taxonomy":"product_tag","embeddable":true,"href":"https:\/\/roigk.de\/fr\/wp-json\/wp\/v2\/product_tag?post=17282"}],"curies":[{"name":"wp","href":"https:\/\/api.w.org\/{rel}","templated":true}]}}