{"id":17305,"date":"2020-07-20T15:01:29","date_gmt":"2020-07-20T15:01:29","guid":{"rendered":"http:\/\/roigk.de\/produkt\/jet-deau-r8616-400\/"},"modified":"2026-01-21T08:57:35","modified_gmt":"2026-01-21T08:57:35","slug":"jet-deau-r8616-400","status":"publish","type":"product","link":"https:\/\/roigk.de\/fr\/jet-deau-r8616-400\/","title":{"rendered":"Col de cygne sur colonne ronde, largeur 400mm R8616-400"},"content":{"rendered":"","protected":false},"excerpt":{"rendered":"<p>Avec un effet d&rsquo;eau laminaire de 400 mm de large. Finition brillant mat de haute qualit\u00e9. Robuste pour les piscines publiques.<\/p>\n<p>Largeur : 400 mm<br \/>Hauteur : 1500 mm ou hauteur sur mesure<br \/>Taille du tuyau : 114 mm<br \/>Volume d&rsquo;eau : 22 \u00e0 30 m\u00b3\/h<br \/>Pression d&rsquo;eau : 0,2 bar<br \/>Mat\u00e9riel : Acier inoxydable V4A (1.4571 ou en option 1.4539 pour les piscines \u00e0 eau sal\u00e9e)<\/p>\n","protected":false},"featured_media":11275,"template":"","meta":{"_acf_changed":false},"product_brand":[],"product_cat":[188],"product_tag":[],"class_list":{"0":"post-17305","1":"product","2":"type-product","3":"status-publish","4":"has-post-thumbnail","6":"product_cat-chutes-deau-et-cols-de-cygne","8":"first","9":"instock","10":"taxable","11":"shipping-taxable","12":"purchasable","13":"product-type-simple"},"acf":[],"_links":{"self":[{"href":"https:\/\/roigk.de\/fr\/wp-json\/wp\/v2\/product\/17305","targetHints":{"allow":["GET"]}}],"collection":[{"href":"https:\/\/roigk.de\/fr\/wp-json\/wp\/v2\/product"}],"about":[{"href":"https:\/\/roigk.de\/fr\/wp-json\/wp\/v2\/types\/product"}],"wp:featuredmedia":[{"embeddable":true,"href":"https:\/\/roigk.de\/fr\/wp-json\/wp\/v2\/media\/11275"}],"wp:attachment":[{"href":"https:\/\/roigk.de\/fr\/wp-json\/wp\/v2\/media?parent=17305"}],"wp:term":[{"taxonomy":"product_brand","embeddable":true,"href":"https:\/\/roigk.de\/fr\/wp-json\/wp\/v2\/product_brand?post=17305"},{"taxonomy":"product_cat","embeddable":true,"href":"https:\/\/roigk.de\/fr\/wp-json\/wp\/v2\/product_cat?post=17305"},{"taxonomy":"product_tag","embeddable":true,"href":"https:\/\/roigk.de\/fr\/wp-json\/wp\/v2\/product_tag?post=17305"}],"curies":[{"name":"wp","href":"https:\/\/api.w.org\/{rel}","templated":true}]}}