{"id":17309,"date":"2020-07-20T15:24:44","date_gmt":"2020-07-20T15:24:44","guid":{"rendered":"http:\/\/roigk.de\/produkt\/craft-jeu-deau-avec-6-cones-r8735-20-nouveau\/"},"modified":"2026-01-21T08:57:47","modified_gmt":"2026-01-21T08:57:47","slug":"craft-jeu-deau-avec-6-cones-r8735-20-nouveau","status":"publish","type":"product","link":"https:\/\/roigk.de\/fr\/craft-jeu-deau-avec-6-cones-r8735-20-nouveau\/","title":{"rendered":"Jeu d&rsquo;eau avec 6 c\u00f4nes renversants R8735-20"},"content":{"rendered":"","protected":false},"excerpt":{"rendered":"<p>Un jeu d&rsquo;eau interactif parfait pour des aires de jeux dynamiques et des spray parks attractifs ! Les six c\u00f4nes color\u00e9s se remplissent d&rsquo;eau puis se renversent de mani\u00e8re ludique et inattendue, d\u00e9versant des cascades rafra\u00eechissantes sur les enfants plac\u00e9s en dessous. Ce jeu d&rsquo;eau dynamique favorise les interactions de groupe, l\u2019\u00e9change social et offre une fra\u00eecheur bienvenue pendant les chaudes journ\u00e9es estivales. Ses mat\u00e9riaux robustes garantissent une excellente durabilit\u00e9 et un entretien minimal.<\/p>\n<p><b>Caract\u00e9ristiques techniques :<\/b><\/p>\n<ul>\n<li>\n<p>Hauteur : 3 600 mm<\/p>\n<\/li>\n<li>\n<p>D\u00e9bit d&rsquo;eau : 30 \u00e0 80 l\/min<\/p>\n<\/li>\n<li>\n<p>Pression d&rsquo;eau : 0,35 \u00e0 0,5 bar<\/p>\n<\/li>\n<li>\n<p>Groupe cible : enfants<\/p>\n<\/li>\n<li>\n<p>Positionnement : Bassins d&rsquo;attraction ou spray parks (WT max. = 1 300 mm ou 500 mm avec volant manuel)<\/p>\n<\/li>\n<li>\n<p>Mat\u00e9riau : Acier inoxydable V4A (1.4571), plastique renforc\u00e9 de fibre de verre (PRV), structure avec triple rev\u00eatement en poudre (RAL 5005)<\/p>\n<\/li>\n<\/ul>\n","protected":false},"featured_media":29765,"template":"","meta":{"_acf_changed":false},"product_brand":[],"product_cat":[170],"product_tag":[],"class_list":{"0":"post-17309","1":"product","2":"type-product","3":"status-publish","4":"has-post-thumbnail","6":"product_cat-craft-action-interactive","8":"first","9":"instock","10":"taxable","11":"shipping-taxable","12":"purchasable","13":"product-type-simple"},"acf":[],"_links":{"self":[{"href":"https:\/\/roigk.de\/fr\/wp-json\/wp\/v2\/product\/17309","targetHints":{"allow":["GET"]}}],"collection":[{"href":"https:\/\/roigk.de\/fr\/wp-json\/wp\/v2\/product"}],"about":[{"href":"https:\/\/roigk.de\/fr\/wp-json\/wp\/v2\/types\/product"}],"wp:featuredmedia":[{"embeddable":true,"href":"https:\/\/roigk.de\/fr\/wp-json\/wp\/v2\/media\/29765"}],"wp:attachment":[{"href":"https:\/\/roigk.de\/fr\/wp-json\/wp\/v2\/media?parent=17309"}],"wp:term":[{"taxonomy":"product_brand","embeddable":true,"href":"https:\/\/roigk.de\/fr\/wp-json\/wp\/v2\/product_brand?post=17309"},{"taxonomy":"product_cat","embeddable":true,"href":"https:\/\/roigk.de\/fr\/wp-json\/wp\/v2\/product_cat?post=17309"},{"taxonomy":"product_tag","embeddable":true,"href":"https:\/\/roigk.de\/fr\/wp-json\/wp\/v2\/product_tag?post=17309"}],"curies":[{"name":"wp","href":"https:\/\/api.w.org\/{rel}","templated":true}]}}