{"id":17319,"date":"2020-07-20T15:25:04","date_gmt":"2020-07-20T15:25:04","guid":{"rendered":"http:\/\/roigk.de\/produkt\/jet-deau-duo-r202011-10\/"},"modified":"2026-01-21T08:58:23","modified_gmt":"2026-01-21T08:58:23","slug":"jet-deau-duo-r202011-10","status":"publish","type":"product","link":"https:\/\/roigk.de\/fr\/jet-deau-duo-r202011-10\/","title":{"rendered":"Jet d&rsquo;eau DUO R202011-10"},"content":{"rendered":"","protected":false},"excerpt":{"rendered":"<p>Deux jets d&#8217;eau doux, pulv\u00e9risent dans deux directions diff\u00e9rentes avec largeurs de jet diff\u00e9rentes. La physique pour admirer et experimenter.<\/p>\n<p>Hauteur : 400 mm<br \/>D\u00e9bit d&#8217;eau : 4 \u00e0 8 l\/min<br \/>Pression de l&#8217;eau : 0,2 \u00e0 0,4 bar<br \/>Groupe cible : enfants et enfants en bas \u00e2ge<br \/>Positionnement : au bord du bassin <br \/>Mat\u00e9riau : acier inoxydable V4A (1.4571)<\/p>\n","protected":false},"featured_media":11941,"template":"","meta":{"_acf_changed":false},"product_brand":[],"product_cat":[308],"product_tag":[],"class_list":{"0":"post-17319","1":"product","2":"type-product","3":"status-publish","4":"has-post-thumbnail","6":"product_cat-gargouilles-pour-les-piscines-des-tout-petits","8":"first","9":"instock","10":"taxable","11":"shipping-taxable","12":"purchasable","13":"product-type-simple"},"acf":[],"_links":{"self":[{"href":"https:\/\/roigk.de\/fr\/wp-json\/wp\/v2\/product\/17319","targetHints":{"allow":["GET"]}}],"collection":[{"href":"https:\/\/roigk.de\/fr\/wp-json\/wp\/v2\/product"}],"about":[{"href":"https:\/\/roigk.de\/fr\/wp-json\/wp\/v2\/types\/product"}],"wp:featuredmedia":[{"embeddable":true,"href":"https:\/\/roigk.de\/fr\/wp-json\/wp\/v2\/media\/11941"}],"wp:attachment":[{"href":"https:\/\/roigk.de\/fr\/wp-json\/wp\/v2\/media?parent=17319"}],"wp:term":[{"taxonomy":"product_brand","embeddable":true,"href":"https:\/\/roigk.de\/fr\/wp-json\/wp\/v2\/product_brand?post=17319"},{"taxonomy":"product_cat","embeddable":true,"href":"https:\/\/roigk.de\/fr\/wp-json\/wp\/v2\/product_cat?post=17319"},{"taxonomy":"product_tag","embeddable":true,"href":"https:\/\/roigk.de\/fr\/wp-json\/wp\/v2\/product_tag?post=17319"}],"curies":[{"name":"wp","href":"https:\/\/api.w.org\/{rel}","templated":true}]}}