{"id":17333,"date":"2020-07-20T14:40:19","date_gmt":"2020-07-20T14:40:19","guid":{"rendered":"http:\/\/roigk.de\/produkt\/oxy-jet-deau-sauterelle-balancoire-r201703-10\/"},"modified":"2026-01-21T08:59:03","modified_gmt":"2026-01-21T08:59:03","slug":"oxy-jet-deau-sauterelle-balancoire-r201703-10","status":"publish","type":"product","link":"https:\/\/roigk.de\/fr\/oxy-jet-deau-sauterelle-balancoire-r201703-10\/","title":{"rendered":"Sauterelle R201703-10"},"content":{"rendered":"","protected":false},"excerpt":{"rendered":"<p><span>Une balan\u00e7oire amusante qui invite les enfants \u00e0 se balancer, rebondir et \u00e0 s&#8217;amuser. De l&#8217;eau jaillit des palpeurs. Si vous fermez une buse,<\/span>&nbsp;vous pouvez \u00e9clabousser les autres. Les enfants sont assis sur des balles souples et agr\u00e9ables. Un jeu sympatique et plein d&#8217;action avec deux jets d&#8217;eau doux chacun.<\/p>\n<p><span>Longueur : 2.560 mm<br \/><\/span>Hauteur max. 990 mm <br \/>D\u00e9bit d&#8217;eau : 15 l\/min <br \/>Pression de l&#8217;eau : 0,5 bar <br \/>Groupe cible : enfants et enfants en bas \u00e2ge<br \/>Positionnement : aire de jeux d&#8217;eau ou pataugeoire (WT max. recommand\u00e9e = 200 mm)<br \/>Mat\u00e9riau : acier inoxydable V4A (1.4571), billes en plastique<\/p>\n","protected":false},"featured_media":26654,"template":"","meta":{"_acf_changed":false},"product_brand":[],"product_cat":[173],"product_tag":[],"class_list":{"0":"post-17333","1":"product","2":"type-product","3":"status-publish","4":"has-post-thumbnail","6":"product_cat-oxy-un-veritable-plaisir-aquatique","8":"first","9":"instock","10":"taxable","11":"shipping-taxable","12":"purchasable","13":"product-type-simple"},"acf":[],"_links":{"self":[{"href":"https:\/\/roigk.de\/fr\/wp-json\/wp\/v2\/product\/17333","targetHints":{"allow":["GET"]}}],"collection":[{"href":"https:\/\/roigk.de\/fr\/wp-json\/wp\/v2\/product"}],"about":[{"href":"https:\/\/roigk.de\/fr\/wp-json\/wp\/v2\/types\/product"}],"wp:featuredmedia":[{"embeddable":true,"href":"https:\/\/roigk.de\/fr\/wp-json\/wp\/v2\/media\/26654"}],"wp:attachment":[{"href":"https:\/\/roigk.de\/fr\/wp-json\/wp\/v2\/media?parent=17333"}],"wp:term":[{"taxonomy":"product_brand","embeddable":true,"href":"https:\/\/roigk.de\/fr\/wp-json\/wp\/v2\/product_brand?post=17333"},{"taxonomy":"product_cat","embeddable":true,"href":"https:\/\/roigk.de\/fr\/wp-json\/wp\/v2\/product_cat?post=17333"},{"taxonomy":"product_tag","embeddable":true,"href":"https:\/\/roigk.de\/fr\/wp-json\/wp\/v2\/product_tag?post=17333"}],"curies":[{"name":"wp","href":"https:\/\/api.w.org\/{rel}","templated":true}]}}