{"id":17337,"date":"2020-07-20T14:39:04","date_gmt":"2020-07-20T14:39:04","guid":{"rendered":"http:\/\/roigk.de\/produkt\/e-lot-de-2-courroies-de-distribution-r771252-22-pour-le-reglage-des-rouleaux\/"},"modified":"2026-01-21T08:59:24","modified_gmt":"2026-01-21T08:59:24","slug":"e-lot-de-2-courroies-de-distribution-r771252-22-pour-le-reglage-des-rouleaux","status":"publish","type":"product","link":"https:\/\/roigk.de\/fr\/e-lot-de-2-courroies-de-distribution-r771252-22-pour-le-reglage-des-rouleaux\/","title":{"rendered":"E# Lot de 2 courroies de distribution R771252-22 (pour le r\u00e9glage des rouleaux)"},"content":{"rendered":"","protected":false},"excerpt":{"rendered":"<p>Conform\u00e9ment \u00e0 l&#8217;illustration, sans autres accessoires<br \/>Set compos\u00e9 de 2 pi\u00e8ces<\/p>\n","protected":false},"featured_media":10015,"template":"","meta":{"_acf_changed":false},"product_brand":[],"product_cat":[147],"product_tag":[],"class_list":{"0":"post-17337","1":"product","2":"type-product","3":"status-publish","4":"has-post-thumbnail","6":"product_cat-plongeoirs-pieces-detachees","8":"first","9":"instock","10":"taxable","11":"shipping-taxable","12":"purchasable","13":"product-type-simple"},"acf":[],"_links":{"self":[{"href":"https:\/\/roigk.de\/fr\/wp-json\/wp\/v2\/product\/17337","targetHints":{"allow":["GET"]}}],"collection":[{"href":"https:\/\/roigk.de\/fr\/wp-json\/wp\/v2\/product"}],"about":[{"href":"https:\/\/roigk.de\/fr\/wp-json\/wp\/v2\/types\/product"}],"wp:featuredmedia":[{"embeddable":true,"href":"https:\/\/roigk.de\/fr\/wp-json\/wp\/v2\/media\/10015"}],"wp:attachment":[{"href":"https:\/\/roigk.de\/fr\/wp-json\/wp\/v2\/media?parent=17337"}],"wp:term":[{"taxonomy":"product_brand","embeddable":true,"href":"https:\/\/roigk.de\/fr\/wp-json\/wp\/v2\/product_brand?post=17337"},{"taxonomy":"product_cat","embeddable":true,"href":"https:\/\/roigk.de\/fr\/wp-json\/wp\/v2\/product_cat?post=17337"},{"taxonomy":"product_tag","embeddable":true,"href":"https:\/\/roigk.de\/fr\/wp-json\/wp\/v2\/product_tag?post=17337"}],"curies":[{"name":"wp","href":"https:\/\/api.w.org\/{rel}","templated":true}]}}