{"id":17348,"date":"2020-07-20T14:35:42","date_gmt":"2020-07-20T14:35:42","guid":{"rendered":"http:\/\/roigk.de\/produkt\/oxy-meduse-auriculaire-lumineuse-balle-dansante-r201411-20-avec-led\/"},"modified":"2026-01-21T08:59:40","modified_gmt":"2026-01-21T08:59:40","slug":"oxy-meduse-auriculaire-lumineuse-balle-dansante-r201411-20-avec-led","status":"publish","type":"product","link":"https:\/\/roigk.de\/fr\/oxy-meduse-auriculaire-lumineuse-balle-dansante-r201411-20-avec-led\/","title":{"rendered":"OXY m\u00e9duse dansante avec LED R201411-20"},"content":{"rendered":"","protected":false},"excerpt":{"rendered":"<p>Cette grande attraction est particuli\u00e8rement visible dans la piscine int\u00e9rieure. Une buse centrale \u00e0 LED Round Spray illumine l&#8217;eau qui \u00e9merge. En tenant et en d\u00e9pla\u00e7ant l&#8217;eau, on peut cr\u00e9er de grands effets de lumi\u00e8re.<\/p>\n<p>Hauteur : 625 mm ou 1,625 mm<br \/>D\u00e9bit d&#8217;eau : 60 \u00e0 100 l\/min<br \/>Pression de l&#8217;eau : 0,4 \u00e0 1,0 bar (avec une faible hauteur de chute)<br \/>Groupe cible : enfants et jeunes<br \/>Positionnement : aires de jeux aquatiques, bassin pour enfants ou bassin d&#8217;attraction<br \/>Mat\u00e9riau : acier inoxydable V4A (1.4571), verre color\u00e9<\/p>\n","protected":false},"featured_media":29536,"template":"","meta":{"_acf_changed":false},"product_brand":[],"product_cat":[173],"product_tag":[],"class_list":{"0":"post-17348","1":"product","2":"type-product","3":"status-publish","4":"has-post-thumbnail","6":"product_cat-oxy-un-veritable-plaisir-aquatique","8":"first","9":"instock","10":"taxable","11":"shipping-taxable","12":"purchasable","13":"product-type-simple"},"acf":[],"_links":{"self":[{"href":"https:\/\/roigk.de\/fr\/wp-json\/wp\/v2\/product\/17348","targetHints":{"allow":["GET"]}}],"collection":[{"href":"https:\/\/roigk.de\/fr\/wp-json\/wp\/v2\/product"}],"about":[{"href":"https:\/\/roigk.de\/fr\/wp-json\/wp\/v2\/types\/product"}],"wp:featuredmedia":[{"embeddable":true,"href":"https:\/\/roigk.de\/fr\/wp-json\/wp\/v2\/media\/29536"}],"wp:attachment":[{"href":"https:\/\/roigk.de\/fr\/wp-json\/wp\/v2\/media?parent=17348"}],"wp:term":[{"taxonomy":"product_brand","embeddable":true,"href":"https:\/\/roigk.de\/fr\/wp-json\/wp\/v2\/product_brand?post=17348"},{"taxonomy":"product_cat","embeddable":true,"href":"https:\/\/roigk.de\/fr\/wp-json\/wp\/v2\/product_cat?post=17348"},{"taxonomy":"product_tag","embeddable":true,"href":"https:\/\/roigk.de\/fr\/wp-json\/wp\/v2\/product_tag?post=17348"}],"curies":[{"name":"wp","href":"https:\/\/api.w.org\/{rel}","templated":true}]}}