{"id":17350,"date":"2020-07-20T14:39:58","date_gmt":"2021-01-19T23:12:16","guid":{"rendered":"http:\/\/roigk.de\/produkt\/echelle-de-piscine-r1010-1\/"},"modified":"2025-01-27T12:36:28","modified_gmt":"2025-01-27T12:36:28","slug":"echelle-de-piscine-r1010-1","status":"publish","type":"product","link":"https:\/\/roigk.de\/fr\/echelle-de-piscine-r1010-1\/","title":{"rendered":"\u00c9chelle de piscine R1010-1"},"content":{"rendered":"","protected":false},"excerpt":{"rendered":"<p>L&#8217;\u00e9chelle de piscine Roigk, qui a fait ses preuves, est fabriqu\u00e9e en s\u00e9rie et offre de nombreuses possibilit\u00e9s de fixation et de r\u00e9glage pour diff\u00e9rents types de rigoles. Vous pouvez trouver les plus populaires dans notre fiche produit. Si celles-ci ne sont pas suffisantes, nous adaptons l&#8217;\u00e9chelle en cons\u00e9quence et vous envoyons un plan d&#8217;agr\u00e9ment d\u00e9taill\u00e9. Les caract\u00e9ristiques de ce produit sont les marches antid\u00e9rapantes en acier inoxydable \u00e9lectropoli et le tube de stabilisation de la barre transversale. Pour les piscines d&#8217;eau sal\u00e9e et saum\u00e2tre, nos \u00e9chelles sont disponibles en option dans le mat\u00e9riau 1.4539 \u00e9lectropoli. Pour les \u00e9tanch\u00e9it\u00e9s alternatives ou les piscines&nbsp;\u00e0 films, nous trouverons avec vous la solution de montage appropri\u00e9e avec des brides d&#8217;\u00e9tanch\u00e9it\u00e9 ou des brides de serrage.<\/p>\n<p>Norme : DIN EN 13451-2<br \/>Marches d&#8217;\u00e9chelle : 550 x 70 mm ou 550 x 140 mm (premi\u00e8re marche), avec profilage antid\u00e9rapant des trous de buse (classe de glissement C selon la norme DIN 51097)<br \/>Groupe cible : piscines publics<br \/>Placement : pour les niches d&#8217;\u00e9chelle ouvertes, par exemple dans les piscines<br \/>Mat\u00e9riau : acier inoxydable V4A (1.4571 ou optionnellement 1.4539)<\/p>\n","protected":false},"featured_media":10111,"template":"","meta":{"_acf_changed":false},"product_brand":[],"product_cat":[166],"product_tag":[],"class_list":{"0":"post-17350","1":"product","2":"type-product","3":"status-publish","4":"has-post-thumbnail","6":"product_cat-escaliers-garde-corps-et-echelles","8":"first","9":"instock","10":"taxable","11":"shipping-taxable","12":"product-type-simple"},"acf":[],"_links":{"self":[{"href":"https:\/\/roigk.de\/fr\/wp-json\/wp\/v2\/product\/17350","targetHints":{"allow":["GET"]}}],"collection":[{"href":"https:\/\/roigk.de\/fr\/wp-json\/wp\/v2\/product"}],"about":[{"href":"https:\/\/roigk.de\/fr\/wp-json\/wp\/v2\/types\/product"}],"wp:featuredmedia":[{"embeddable":true,"href":"https:\/\/roigk.de\/fr\/wp-json\/wp\/v2\/media\/10111"}],"wp:attachment":[{"href":"https:\/\/roigk.de\/fr\/wp-json\/wp\/v2\/media?parent=17350"}],"wp:term":[{"taxonomy":"product_brand","embeddable":true,"href":"https:\/\/roigk.de\/fr\/wp-json\/wp\/v2\/product_brand?post=17350"},{"taxonomy":"product_cat","embeddable":true,"href":"https:\/\/roigk.de\/fr\/wp-json\/wp\/v2\/product_cat?post=17350"},{"taxonomy":"product_tag","embeddable":true,"href":"https:\/\/roigk.de\/fr\/wp-json\/wp\/v2\/product_tag?post=17350"}],"curies":[{"name":"wp","href":"https:\/\/api.w.org\/{rel}","templated":true}]}}