{"id":17352,"date":"2020-07-20T15:08:38","date_gmt":"2021-01-19T23:12:24","guid":{"rendered":"http:\/\/roigk.de\/produkt\/echelle-de-piscine-en-deux-parties-r1010-8\/"},"modified":"2021-08-18T13:06:44","modified_gmt":"2021-08-18T13:06:44","slug":"echelle-de-piscine-en-deux-parties-r1010-8","status":"publish","type":"product","link":"https:\/\/roigk.de\/fr\/echelle-de-piscine-en-deux-parties-r1010-8\/","title":{"rendered":"\u00c9chelle de piscine en deux parties R1010-8"},"content":{"rendered":"","protected":false},"excerpt":{"rendered":"<p>En fonction du projet, nous travaillerons avec vous pour trouver la bonne solution pour la fixation, le nombre de marches, l&#8217;\u00e9tanch\u00e9it\u00e9, etc.<br \/>Dans certains cas, il est n\u00e9cessaire de construire l&#8217;\u00e9chelle en deux parties.&nbsp;<\/p>\n<p>Standard : DIN EN 13451-2<\/p>\n<p>Les \u00e9chelons de l&#8217;\u00e9chelle : 550 x 70 mm ou 550 x 140 mm (premi\u00e8re marche), avec profilage antid\u00e9rapant des trous de buse (classe de glissement C selon la norme DIN 51097)<br \/>Groupe cible : piscines publics<br \/>Placement : pour les niches d&#8217;\u00e9chelle ferm\u00e9es en haut, par exemple dans les bassins \u00e0 flotteurs ou les bassins avec couverture \u00e0 rouleaux<br \/>Mat\u00e9riau : acier inoxydable V4A (1.4571 ou optionnellement 1.4539)&nbsp;<\/p>\n","protected":false},"featured_media":11460,"template":"","meta":{"_acf_changed":false},"product_brand":[],"product_cat":[166],"product_tag":[],"class_list":{"0":"post-17352","1":"product","2":"type-product","3":"status-publish","4":"has-post-thumbnail","6":"product_cat-escaliers-garde-corps-et-echelles","8":"first","9":"instock","10":"taxable","11":"shipping-taxable","12":"product-type-simple"},"acf":[],"_links":{"self":[{"href":"https:\/\/roigk.de\/fr\/wp-json\/wp\/v2\/product\/17352","targetHints":{"allow":["GET"]}}],"collection":[{"href":"https:\/\/roigk.de\/fr\/wp-json\/wp\/v2\/product"}],"about":[{"href":"https:\/\/roigk.de\/fr\/wp-json\/wp\/v2\/types\/product"}],"wp:featuredmedia":[{"embeddable":true,"href":"https:\/\/roigk.de\/fr\/wp-json\/wp\/v2\/media\/11460"}],"wp:attachment":[{"href":"https:\/\/roigk.de\/fr\/wp-json\/wp\/v2\/media?parent=17352"}],"wp:term":[{"taxonomy":"product_brand","embeddable":true,"href":"https:\/\/roigk.de\/fr\/wp-json\/wp\/v2\/product_brand?post=17352"},{"taxonomy":"product_cat","embeddable":true,"href":"https:\/\/roigk.de\/fr\/wp-json\/wp\/v2\/product_cat?post=17352"},{"taxonomy":"product_tag","embeddable":true,"href":"https:\/\/roigk.de\/fr\/wp-json\/wp\/v2\/product_tag?post=17352"}],"curies":[{"name":"wp","href":"https:\/\/api.w.org\/{rel}","templated":true}]}}