{"id":17354,"date":"2020-07-20T14:29:41","date_gmt":"2021-01-19T23:12:32","guid":{"rendered":"http:\/\/roigk.de\/produkt\/echelle-a-caissons-pour-le-levage-de-planchers-ou-niche-dechelle-manquante-r1010-9\/"},"modified":"2021-08-18T13:06:55","modified_gmt":"2021-08-18T13:06:55","slug":"echelle-a-caissons-pour-le-levage-de-planchers-ou-niche-dechelle-manquante-r1010-9","status":"publish","type":"product","link":"https:\/\/roigk.de\/fr\/echelle-a-caissons-pour-le-levage-de-planchers-ou-niche-dechelle-manquante-r1010-9\/","title":{"rendered":"\u00c9chelle \u00e0 caissons pour le levage de planchers ou niche d&rsquo;\u00e9chelle manquante R1010-9"},"content":{"rendered":"","protected":false},"excerpt":{"rendered":"<p>S&#8217;il manque une niche d&#8217;\u00e9chelle, il est possible d&#8217;installer une \u00e9chelle de bo\u00eete ferm\u00e9e sur le c\u00f4t\u00e9 avec des marches soud\u00e9es comme alternative pour minimiser le risque de blessure. Une version sp\u00e9ciale de cette \u00e9chelle peut \u00e9galement \u00eatre utilis\u00e9e pour soulever des planchers. Nous pouvons vous conseiller.<\/p>\n<p>Groupe cible : piscines publics<br \/>Placement : niches pour les \u00e9chelles de plancher d&#8217;acc\u00e8s<br \/>Mat\u00e9riau : acier inoxydable V4A (1.4571 ou optionnellement 1.4539)<\/p>\n","protected":false},"featured_media":9267,"template":"","meta":{"_acf_changed":false},"product_brand":[],"product_cat":[166],"product_tag":[],"class_list":{"0":"post-17354","1":"product","2":"type-product","3":"status-publish","4":"has-post-thumbnail","6":"product_cat-escaliers-garde-corps-et-echelles","8":"first","9":"instock","10":"taxable","11":"shipping-taxable","12":"product-type-simple"},"acf":[],"_links":{"self":[{"href":"https:\/\/roigk.de\/fr\/wp-json\/wp\/v2\/product\/17354","targetHints":{"allow":["GET"]}}],"collection":[{"href":"https:\/\/roigk.de\/fr\/wp-json\/wp\/v2\/product"}],"about":[{"href":"https:\/\/roigk.de\/fr\/wp-json\/wp\/v2\/types\/product"}],"wp:featuredmedia":[{"embeddable":true,"href":"https:\/\/roigk.de\/fr\/wp-json\/wp\/v2\/media\/9267"}],"wp:attachment":[{"href":"https:\/\/roigk.de\/fr\/wp-json\/wp\/v2\/media?parent=17354"}],"wp:term":[{"taxonomy":"product_brand","embeddable":true,"href":"https:\/\/roigk.de\/fr\/wp-json\/wp\/v2\/product_brand?post=17354"},{"taxonomy":"product_cat","embeddable":true,"href":"https:\/\/roigk.de\/fr\/wp-json\/wp\/v2\/product_cat?post=17354"},{"taxonomy":"product_tag","embeddable":true,"href":"https:\/\/roigk.de\/fr\/wp-json\/wp\/v2\/product_tag?post=17354"}],"curies":[{"name":"wp","href":"https:\/\/api.w.org\/{rel}","templated":true}]}}