{"id":17356,"date":"2020-12-01T23:58:01","date_gmt":"2020-12-01T23:58:01","guid":{"rendered":"http:\/\/roigk.de\/produkt\/reservoir-de-collecte-pour-les-lignes-de-natation-de-50-m-r1611-50\/"},"modified":"2026-01-21T08:59:46","modified_gmt":"2026-01-21T08:59:46","slug":"reservoir-de-collecte-pour-les-lignes-de-natation-de-50-m-r1611-50","status":"publish","type":"product","link":"https:\/\/roigk.de\/fr\/reservoir-de-collecte-pour-les-lignes-de-natation-de-50-m-r1611-50\/","title":{"rendered":"R\u00e9servoir de collecte pour les lignes de natation de 50 m R1611-50"},"content":{"rendered":"","protected":false},"excerpt":{"rendered":"<p>Les r\u00e9cipients ronds et coniques en plastique renforc\u00e9 de fibres de verre <span>permettent une mise en place propre des lignes de flottaison sans accrochage.<\/span> Une prise d&#8217;\u00e9coulement au sol permet d&#8217;\u00e9vacuer librement l&#8217;eau ou de la raccorder \u00e0 un tuyau d&#8217;\u00e9vacuation. L&#8217;installation est r\u00e9alis\u00e9e avec des cordes au plafond du sous-sol. Une zone correspondante doit \u00eatre laiss\u00e9e libre au sous-sol lors de la planification.&nbsp;<\/p>\n<p>Couleur : bleu<br \/>R1611-50 : pour une ligne de nage de 50 m Wavekiller<br \/>Taille : 1.400 x 800 mm<br \/>Positionnement : environ 500 \u00e0 800 mm sous le plafond du sous-sol<\/p>\n","protected":false},"featured_media":14611,"template":"","meta":{"_acf_changed":false},"product_brand":[],"product_cat":[158],"product_tag":[],"class_list":{"0":"post-17356","1":"product","2":"type-product","3":"status-publish","4":"has-post-thumbnail","6":"product_cat-lignes-de-nage-lignes-de-separation-et-douilles-de-sol","8":"first","9":"instock","10":"taxable","11":"shipping-taxable","12":"purchasable","13":"product-type-simple"},"acf":[],"_links":{"self":[{"href":"https:\/\/roigk.de\/fr\/wp-json\/wp\/v2\/product\/17356","targetHints":{"allow":["GET"]}}],"collection":[{"href":"https:\/\/roigk.de\/fr\/wp-json\/wp\/v2\/product"}],"about":[{"href":"https:\/\/roigk.de\/fr\/wp-json\/wp\/v2\/types\/product"}],"wp:featuredmedia":[{"embeddable":true,"href":"https:\/\/roigk.de\/fr\/wp-json\/wp\/v2\/media\/14611"}],"wp:attachment":[{"href":"https:\/\/roigk.de\/fr\/wp-json\/wp\/v2\/media?parent=17356"}],"wp:term":[{"taxonomy":"product_brand","embeddable":true,"href":"https:\/\/roigk.de\/fr\/wp-json\/wp\/v2\/product_brand?post=17356"},{"taxonomy":"product_cat","embeddable":true,"href":"https:\/\/roigk.de\/fr\/wp-json\/wp\/v2\/product_cat?post=17356"},{"taxonomy":"product_tag","embeddable":true,"href":"https:\/\/roigk.de\/fr\/wp-json\/wp\/v2\/product_tag?post=17356"}],"curies":[{"name":"wp","href":"https:\/\/api.w.org\/{rel}","templated":true}]}}