{"id":17358,"date":"2020-12-03T22:37:20","date_gmt":"2020-12-03T22:37:20","guid":{"rendered":"http:\/\/roigk.de\/produkt\/sac-de-ramassage-pour-les-lignes-de-natation-de-50-m-r1612-50\/"},"modified":"2026-01-21T08:59:53","modified_gmt":"2026-01-21T08:59:53","slug":"sac-de-ramassage-pour-les-lignes-de-natation-de-50-m-r1612-50","status":"publish","type":"product","link":"https:\/\/roigk.de\/fr\/sac-de-ramassage-pour-les-lignes-de-natation-de-50-m-r1612-50\/","title":{"rendered":"Sac de ramassage pour les lignes de natation de 50 m R1612-50"},"content":{"rendered":"","protected":false},"excerpt":{"rendered":"<p>Sac de collecte en b\u00e2che de tissu \u00e0 paroi \u00e9paisse pour les passages au sol pour un stockage propre des lignes de nage. Conception solide \u00e0 paroi \u00e9paisse avec 4 cordes de suspension avec vis de fixation au plafond. Vidange incluse avec possibilit\u00e9 de raccordement pour le tuyau.<\/p>\n<p>Version : pour les lignes de 50m<br \/>Mat\u00e9riau : b\u00e2che tiss\u00e9e<br \/>Drm. 1400 mm, hauteur 800 mm<\/p>\n","protected":false},"featured_media":14626,"template":"","meta":{"_acf_changed":false},"product_brand":[],"product_cat":[158],"product_tag":[],"class_list":{"0":"post-17358","1":"product","2":"type-product","3":"status-publish","4":"has-post-thumbnail","6":"product_cat-lignes-de-nage-lignes-de-separation-et-douilles-de-sol","8":"first","9":"instock","10":"taxable","11":"shipping-taxable","12":"purchasable","13":"product-type-simple"},"acf":[],"_links":{"self":[{"href":"https:\/\/roigk.de\/fr\/wp-json\/wp\/v2\/product\/17358","targetHints":{"allow":["GET"]}}],"collection":[{"href":"https:\/\/roigk.de\/fr\/wp-json\/wp\/v2\/product"}],"about":[{"href":"https:\/\/roigk.de\/fr\/wp-json\/wp\/v2\/types\/product"}],"wp:featuredmedia":[{"embeddable":true,"href":"https:\/\/roigk.de\/fr\/wp-json\/wp\/v2\/media\/14626"}],"wp:attachment":[{"href":"https:\/\/roigk.de\/fr\/wp-json\/wp\/v2\/media?parent=17358"}],"wp:term":[{"taxonomy":"product_brand","embeddable":true,"href":"https:\/\/roigk.de\/fr\/wp-json\/wp\/v2\/product_brand?post=17358"},{"taxonomy":"product_cat","embeddable":true,"href":"https:\/\/roigk.de\/fr\/wp-json\/wp\/v2\/product_cat?post=17358"},{"taxonomy":"product_tag","embeddable":true,"href":"https:\/\/roigk.de\/fr\/wp-json\/wp\/v2\/product_tag?post=17358"}],"curies":[{"name":"wp","href":"https:\/\/api.w.org\/{rel}","templated":true}]}}