{"id":17360,"date":"2020-07-20T14:26:20","date_gmt":"2020-07-20T14:26:20","guid":{"rendered":"http:\/\/roigk.de\/produkt\/plaque-en-plastique-r771158-2\/"},"modified":"2026-01-21T08:59:59","modified_gmt":"2026-01-21T08:59:59","slug":"plaque-en-plastique-r771158-2","status":"publish","type":"product","link":"https:\/\/roigk.de\/fr\/plaque-en-plastique-r771158-2\/","title":{"rendered":"Plaque en plastique R771158-2"},"content":{"rendered":"","protected":false},"excerpt":{"rendered":"<p>R\u00e9sistance \u00e0 long terme aux conditions de la piscine gr\u00e2ce \u00e0 un mat\u00e9riau de base bicolore avec un texte blanchi. Veuillez indiquer le texte souhait\u00e9 lors de votre commande.<\/p>\n<p>Couleurs : bleu<\/p>\n<p>Dimension :<br \/>R771158-1 : 600 x 150 mm (ligne unique)<br \/>R771158-2 : 600 x 200 mm (deux lignes)<br \/>R771158-3 : 600 x 350 mm (trois lignes)<\/p>\n","protected":false},"featured_media":9062,"template":"","meta":{"_acf_changed":false},"product_brand":[],"product_cat":[154],"product_tag":[],"class_list":{"0":"post-17360","1":"product","2":"type-product","3":"status-publish","4":"has-post-thumbnail","6":"product_cat-materiel-de-secours-equipements-de-salle-de-premiers-secours-et-signalisation","8":"first","9":"instock","10":"taxable","11":"shipping-taxable","12":"purchasable","13":"product-type-simple"},"acf":[],"_links":{"self":[{"href":"https:\/\/roigk.de\/fr\/wp-json\/wp\/v2\/product\/17360","targetHints":{"allow":["GET"]}}],"collection":[{"href":"https:\/\/roigk.de\/fr\/wp-json\/wp\/v2\/product"}],"about":[{"href":"https:\/\/roigk.de\/fr\/wp-json\/wp\/v2\/types\/product"}],"wp:featuredmedia":[{"embeddable":true,"href":"https:\/\/roigk.de\/fr\/wp-json\/wp\/v2\/media\/9062"}],"wp:attachment":[{"href":"https:\/\/roigk.de\/fr\/wp-json\/wp\/v2\/media?parent=17360"}],"wp:term":[{"taxonomy":"product_brand","embeddable":true,"href":"https:\/\/roigk.de\/fr\/wp-json\/wp\/v2\/product_brand?post=17360"},{"taxonomy":"product_cat","embeddable":true,"href":"https:\/\/roigk.de\/fr\/wp-json\/wp\/v2\/product_cat?post=17360"},{"taxonomy":"product_tag","embeddable":true,"href":"https:\/\/roigk.de\/fr\/wp-json\/wp\/v2\/product_tag?post=17360"}],"curies":[{"name":"wp","href":"https:\/\/api.w.org\/{rel}","templated":true}]}}