{"id":17366,"date":"2020-07-20T14:15:59","date_gmt":"2020-07-20T14:15:59","guid":{"rendered":"http:\/\/roigk.de\/produkt\/mini-wave-killer-ligne-de-couloir-de-nage-50-m-r771164-50\/"},"modified":"2026-01-21T09:00:26","modified_gmt":"2026-01-21T09:00:26","slug":"mini-wave-killer-ligne-de-couloir-de-nage-50-m-r771164-50","status":"publish","type":"product","link":"https:\/\/roigk.de\/fr\/mini-wave-killer-ligne-de-couloir-de-nage-50-m-r771164-50\/","title":{"rendered":"Mini-Wave-Killer Ligne de couloir de nage 50 m R771164-50"},"content":{"rendered":"","protected":false},"excerpt":{"rendered":"<p>La petite version du R771165, petit et l\u00e9g<span>er<\/span> et poss\u00e8de de bonnes capacit\u00e9s de coupe-vagues. Id\u00e9al pour les entra\u00eenements de natation.<\/p>\n<p>Longueur : 16,6 m, 25 m, 50 m ou longueurs sp\u00e9ciales<br \/>Diam\u00e8tre : environ 60 mm<br \/>Groupe cible : entra\u00eenements de natation<\/p>\n","protected":false},"featured_media":14657,"template":"","meta":{"_acf_changed":false},"product_brand":[],"product_cat":[158],"product_tag":[],"class_list":{"0":"post-17366","1":"product","2":"type-product","3":"status-publish","4":"has-post-thumbnail","6":"product_cat-lignes-de-nage-lignes-de-separation-et-douilles-de-sol","8":"first","9":"instock","10":"taxable","11":"shipping-taxable","12":"purchasable","13":"product-type-simple"},"acf":[],"_links":{"self":[{"href":"https:\/\/roigk.de\/fr\/wp-json\/wp\/v2\/product\/17366","targetHints":{"allow":["GET"]}}],"collection":[{"href":"https:\/\/roigk.de\/fr\/wp-json\/wp\/v2\/product"}],"about":[{"href":"https:\/\/roigk.de\/fr\/wp-json\/wp\/v2\/types\/product"}],"wp:featuredmedia":[{"embeddable":true,"href":"https:\/\/roigk.de\/fr\/wp-json\/wp\/v2\/media\/14657"}],"wp:attachment":[{"href":"https:\/\/roigk.de\/fr\/wp-json\/wp\/v2\/media?parent=17366"}],"wp:term":[{"taxonomy":"product_brand","embeddable":true,"href":"https:\/\/roigk.de\/fr\/wp-json\/wp\/v2\/product_brand?post=17366"},{"taxonomy":"product_cat","embeddable":true,"href":"https:\/\/roigk.de\/fr\/wp-json\/wp\/v2\/product_cat?post=17366"},{"taxonomy":"product_tag","embeddable":true,"href":"https:\/\/roigk.de\/fr\/wp-json\/wp\/v2\/product_tag?post=17366"}],"curies":[{"name":"wp","href":"https:\/\/api.w.org\/{rel}","templated":true}]}}