{"id":17368,"date":"2020-12-04T00:15:13","date_gmt":"2020-12-04T00:15:13","guid":{"rendered":"http:\/\/roigk.de\/produkt\/fina-wave-killer-ligne-de-couloir-de-nage-25m-r771165-25\/"},"modified":"2026-01-21T09:00:34","modified_gmt":"2026-01-21T09:00:34","slug":"fina-wave-killer-ligne-de-couloir-de-nage-25m-r771165-25","status":"publish","type":"product","link":"https:\/\/roigk.de\/fr\/fina-wave-killer-ligne-de-couloir-de-nage-25m-r771165-25\/","title":{"rendered":"FINA Wave-Killer Ligne de couloir de nage  25m R771165-25"},"content":{"rendered":"","protected":false},"excerpt":{"rendered":"<p>Pour la d\u00e9limitation des couloirs de natation pour les comp\u00e9titions internationales de coupe-vagues, flotteurs en forme de disque sur un c\u00e2ble en acier inoxydable V4A lav\u00e9 avec un tendeur rouge qui peut \u00eatre mont\u00e9 sans outils, avec des crochets de fixation pratiques des deux c\u00f4t\u00e9s. Toutes les pi\u00e8ces en plastique sont tr\u00e8s r\u00e9sistantes aux UV. Toutes les pi\u00e8ces sont vissables (sans colliers de serrage fixes). Couleurs et espaceur de s\u00e9curit\u00e9 conformes \u00e0 la norme.<\/p>\n<p>Norme : DIN EN 13451-5 et DSV<br \/>Longueur : 16,6 m, 25 m, 50 m ou longueurs sp\u00e9ciales<br \/>Diam\u00e8tre : environ 110 mm<br \/>Groupe cible : comp\u00e9titions de natation<\/p>\n","protected":false},"featured_media":14672,"template":"","meta":{"_acf_changed":false},"product_brand":[],"product_cat":[158],"product_tag":[],"class_list":{"0":"post-17368","1":"product","2":"type-product","3":"status-publish","4":"has-post-thumbnail","6":"product_cat-lignes-de-nage-lignes-de-separation-et-douilles-de-sol","8":"first","9":"instock","10":"taxable","11":"shipping-taxable","12":"purchasable","13":"product-type-simple"},"acf":[],"_links":{"self":[{"href":"https:\/\/roigk.de\/fr\/wp-json\/wp\/v2\/product\/17368","targetHints":{"allow":["GET"]}}],"collection":[{"href":"https:\/\/roigk.de\/fr\/wp-json\/wp\/v2\/product"}],"about":[{"href":"https:\/\/roigk.de\/fr\/wp-json\/wp\/v2\/types\/product"}],"wp:featuredmedia":[{"embeddable":true,"href":"https:\/\/roigk.de\/fr\/wp-json\/wp\/v2\/media\/14672"}],"wp:attachment":[{"href":"https:\/\/roigk.de\/fr\/wp-json\/wp\/v2\/media?parent=17368"}],"wp:term":[{"taxonomy":"product_brand","embeddable":true,"href":"https:\/\/roigk.de\/fr\/wp-json\/wp\/v2\/product_brand?post=17368"},{"taxonomy":"product_cat","embeddable":true,"href":"https:\/\/roigk.de\/fr\/wp-json\/wp\/v2\/product_cat?post=17368"},{"taxonomy":"product_tag","embeddable":true,"href":"https:\/\/roigk.de\/fr\/wp-json\/wp\/v2\/product_tag?post=17368"}],"curies":[{"name":"wp","href":"https:\/\/api.w.org\/{rel}","templated":true}]}}