{"id":17372,"date":"2020-07-20T14:21:18","date_gmt":"2020-07-20T14:21:18","guid":{"rendered":"http:\/\/roigk.de\/produkt\/e-insert-de-douille-de-sol-r771174-150-pour-la-douille-de-sol-r771172-150\/"},"modified":"2026-01-21T09:00:47","modified_gmt":"2026-01-21T09:00:47","slug":"e-insert-de-douille-de-sol-r771174-150-pour-la-douille-de-sol-r771172-150","status":"publish","type":"product","link":"https:\/\/roigk.de\/fr\/e-insert-de-douille-de-sol-r771174-150-pour-la-douille-de-sol-r771172-150\/","title":{"rendered":"E# Insert de douille de sol R771174-150 (pour la douille de sol R771172-150)"},"content":{"rendered":"","protected":false},"excerpt":{"rendered":"<p>Tube en acier inoxydable (40 mm de diam\u00e8tre ext\u00e9rieur) avec bouchon en plastique, pour qu&#8217;il soit impossible pour un enfant de l&#8217;enlever \u00e0 la main. Amovible par un outil en fil d&#8217;acier inoxydable<\/p>\n<p>Longueur : convient pour une douille de sol 150 mm<br \/>Mat\u00e9riau : acier inoxydable V4A (1.4571), plastique<\/p>\n","protected":false},"featured_media":12245,"template":"","meta":{"_acf_changed":false},"product_brand":[],"product_cat":[141],"product_tag":[],"class_list":{"0":"post-17372","1":"product","2":"type-product","3":"status-publish","4":"has-post-thumbnail","6":"product_cat-lignes-pieces-detachees","8":"first","9":"instock","10":"taxable","11":"shipping-taxable","12":"purchasable","13":"product-type-simple"},"acf":[],"_links":{"self":[{"href":"https:\/\/roigk.de\/fr\/wp-json\/wp\/v2\/product\/17372","targetHints":{"allow":["GET"]}}],"collection":[{"href":"https:\/\/roigk.de\/fr\/wp-json\/wp\/v2\/product"}],"about":[{"href":"https:\/\/roigk.de\/fr\/wp-json\/wp\/v2\/types\/product"}],"wp:featuredmedia":[{"embeddable":true,"href":"https:\/\/roigk.de\/fr\/wp-json\/wp\/v2\/media\/12245"}],"wp:attachment":[{"href":"https:\/\/roigk.de\/fr\/wp-json\/wp\/v2\/media?parent=17372"}],"wp:term":[{"taxonomy":"product_brand","embeddable":true,"href":"https:\/\/roigk.de\/fr\/wp-json\/wp\/v2\/product_brand?post=17372"},{"taxonomy":"product_cat","embeddable":true,"href":"https:\/\/roigk.de\/fr\/wp-json\/wp\/v2\/product_cat?post=17372"},{"taxonomy":"product_tag","embeddable":true,"href":"https:\/\/roigk.de\/fr\/wp-json\/wp\/v2\/product_tag?post=17372"}],"curies":[{"name":"wp","href":"https:\/\/api.w.org\/{rel}","templated":true}]}}