{"id":17378,"date":"2020-07-20T14:15:43","date_gmt":"2020-07-20T14:15:43","guid":{"rendered":"http:\/\/roigk.de\/produkt\/buse-dentree-pour-leau-pure-r201912-20\/"},"modified":"2026-01-21T09:01:08","modified_gmt":"2026-01-21T09:01:08","slug":"buse-dentree-pour-leau-pure-r201912-20","status":"publish","type":"product","link":"https:\/\/roigk.de\/fr\/buse-dentree-pour-leau-pure-r201912-20\/","title":{"rendered":"Buse d&rsquo;entr\u00e9e pour l&rsquo;eau pure R201912-20"},"content":{"rendered":"","protected":false},"excerpt":{"rendered":"<p>Adapt\u00e9 individuellement \u00e0 l&#8217;hydraulique de la piscine avec une cr\u00e9pine directionnelle int\u00e9gr\u00e9e pour une entr\u00e9e et un flux optimal dans la piscine.<\/p>\n<p>Mat\u00e9riau : acier inoxydable 1.4571 (316Ti), plastique sp\u00e9cial<\/p>\n","protected":false},"featured_media":8348,"template":"","meta":{"_acf_changed":false},"product_brand":[],"product_cat":[153],"product_tag":[],"class_list":{"0":"post-17378","1":"product","2":"type-product","3":"status-publish","4":"has-post-thumbnail","6":"product_cat-tamis-en-acier-inoxydable-systemes-daspiration","8":"first","9":"instock","10":"taxable","11":"shipping-taxable","12":"purchasable","13":"product-type-simple"},"acf":[],"_links":{"self":[{"href":"https:\/\/roigk.de\/fr\/wp-json\/wp\/v2\/product\/17378","targetHints":{"allow":["GET"]}}],"collection":[{"href":"https:\/\/roigk.de\/fr\/wp-json\/wp\/v2\/product"}],"about":[{"href":"https:\/\/roigk.de\/fr\/wp-json\/wp\/v2\/types\/product"}],"wp:featuredmedia":[{"embeddable":true,"href":"https:\/\/roigk.de\/fr\/wp-json\/wp\/v2\/media\/8348"}],"wp:attachment":[{"href":"https:\/\/roigk.de\/fr\/wp-json\/wp\/v2\/media?parent=17378"}],"wp:term":[{"taxonomy":"product_brand","embeddable":true,"href":"https:\/\/roigk.de\/fr\/wp-json\/wp\/v2\/product_brand?post=17378"},{"taxonomy":"product_cat","embeddable":true,"href":"https:\/\/roigk.de\/fr\/wp-json\/wp\/v2\/product_cat?post=17378"},{"taxonomy":"product_tag","embeddable":true,"href":"https:\/\/roigk.de\/fr\/wp-json\/wp\/v2\/product_tag?post=17378"}],"curies":[{"name":"wp","href":"https:\/\/api.w.org\/{rel}","templated":true}]}}