{"id":17380,"date":"2020-07-20T14:23:52","date_gmt":"2020-07-20T14:23:52","guid":{"rendered":"http:\/\/roigk.de\/produkt\/e-capsule-dhiver-ps0128-01-pour-lancrage-au-sol-des-buses-de-sol-wave\/"},"modified":"2026-01-21T09:01:15","modified_gmt":"2026-01-21T09:01:15","slug":"e-capsule-dhiver-ps0128-01-pour-lancrage-au-sol-des-buses-de-sol-wave","status":"publish","type":"product","link":"https:\/\/roigk.de\/fr\/e-capsule-dhiver-ps0128-01-pour-lancrage-au-sol-des-buses-de-sol-wave\/","title":{"rendered":"E# Capsule d&rsquo;hiver PS0128-01 (pour l&rsquo;ancrage au sol des buses de sol WAVE)"},"content":{"rendered":"","protected":false},"excerpt":{"rendered":"<p>Version standard en HDPE<br \/>Joint d&#8217;\u00e9tanch\u00e9it\u00e9 inclu<\/p>\n","protected":false},"featured_media":29934,"template":"","meta":{"_acf_changed":false},"product_brand":[],"product_cat":[137],"product_tag":[],"class_list":{"0":"post-17380","1":"product","2":"type-product","3":"status-publish","4":"has-post-thumbnail","6":"product_cat-attractions-et-cols-de-cygne-pieces-detachees","8":"first","9":"instock","10":"taxable","11":"shipping-taxable","12":"purchasable","13":"product-type-simple"},"acf":[],"_links":{"self":[{"href":"https:\/\/roigk.de\/fr\/wp-json\/wp\/v2\/product\/17380","targetHints":{"allow":["GET"]}}],"collection":[{"href":"https:\/\/roigk.de\/fr\/wp-json\/wp\/v2\/product"}],"about":[{"href":"https:\/\/roigk.de\/fr\/wp-json\/wp\/v2\/types\/product"}],"wp:featuredmedia":[{"embeddable":true,"href":"https:\/\/roigk.de\/fr\/wp-json\/wp\/v2\/media\/29934"}],"wp:attachment":[{"href":"https:\/\/roigk.de\/fr\/wp-json\/wp\/v2\/media?parent=17380"}],"wp:term":[{"taxonomy":"product_brand","embeddable":true,"href":"https:\/\/roigk.de\/fr\/wp-json\/wp\/v2\/product_brand?post=17380"},{"taxonomy":"product_cat","embeddable":true,"href":"https:\/\/roigk.de\/fr\/wp-json\/wp\/v2\/product_cat?post=17380"},{"taxonomy":"product_tag","embeddable":true,"href":"https:\/\/roigk.de\/fr\/wp-json\/wp\/v2\/product_tag?post=17380"}],"curies":[{"name":"wp","href":"https:\/\/api.w.org\/{rel}","templated":true}]}}