{"id":17382,"date":"2020-07-20T14:17:59","date_gmt":"2020-07-20T14:17:59","guid":{"rendered":"http:\/\/roigk.de\/produkt\/e-piston-en-plastique-pour-pompe-a-poignee\/"},"modified":"2026-01-21T09:01:46","modified_gmt":"2026-01-21T09:01:46","slug":"e-piston-en-plastique-pour-pompe-a-poignee","status":"publish","type":"product","link":"https:\/\/roigk.de\/fr\/e-piston-en-plastique-pour-pompe-a-poignee\/","title":{"rendered":"E# Piston en plastique (pour pompe \u00e0 poign\u00e9e)"},"content":{"rendered":"","protected":false},"excerpt":{"rendered":"<p><span>Piston en plastique pompe \u00e0 poign\u00e9e avec joint et soupape de fermeture<\/span><b><\/b><i><\/i><\/p>\n","protected":false},"featured_media":8465,"template":"","meta":{"_acf_changed":false},"product_brand":[],"product_cat":[137],"product_tag":[],"class_list":{"0":"post-17382","1":"product","2":"type-product","3":"status-publish","4":"has-post-thumbnail","6":"product_cat-attractions-et-cols-de-cygne-pieces-detachees","8":"first","9":"instock","10":"taxable","11":"shipping-taxable","12":"purchasable","13":"product-type-simple"},"acf":[],"_links":{"self":[{"href":"https:\/\/roigk.de\/fr\/wp-json\/wp\/v2\/product\/17382","targetHints":{"allow":["GET"]}}],"collection":[{"href":"https:\/\/roigk.de\/fr\/wp-json\/wp\/v2\/product"}],"about":[{"href":"https:\/\/roigk.de\/fr\/wp-json\/wp\/v2\/types\/product"}],"wp:featuredmedia":[{"embeddable":true,"href":"https:\/\/roigk.de\/fr\/wp-json\/wp\/v2\/media\/8465"}],"wp:attachment":[{"href":"https:\/\/roigk.de\/fr\/wp-json\/wp\/v2\/media?parent=17382"}],"wp:term":[{"taxonomy":"product_brand","embeddable":true,"href":"https:\/\/roigk.de\/fr\/wp-json\/wp\/v2\/product_brand?post=17382"},{"taxonomy":"product_cat","embeddable":true,"href":"https:\/\/roigk.de\/fr\/wp-json\/wp\/v2\/product_cat?post=17382"},{"taxonomy":"product_tag","embeddable":true,"href":"https:\/\/roigk.de\/fr\/wp-json\/wp\/v2\/product_tag?post=17382"}],"curies":[{"name":"wp","href":"https:\/\/api.w.org\/{rel}","templated":true}]}}