{"id":17388,"date":"2020-07-20T14:33:04","date_gmt":"2020-07-20T14:33:04","guid":{"rendered":"http:\/\/roigk.de\/produkt\/nageur-debutant-sur-la-voie-r202021-o-sans-ligne-de-nage-virages-en-ligne\/"},"modified":"2026-01-21T09:01:52","modified_gmt":"2026-01-21T09:01:52","slug":"nageur-debutant-sur-la-voie-r202021-o-sans-ligne-de-nage-virages-en-ligne","status":"publish","type":"product","link":"https:\/\/roigk.de\/fr\/nageur-debutant-sur-la-voie-r202021-o-sans-ligne-de-nage-virages-en-ligne\/","title":{"rendered":"Nageur d\u00e9butant sur la voie R202021-O (sans ligne de nage) (virages en ligne)"},"content":{"rendered":"","protected":false},"excerpt":{"rendered":"<p>Facilite la nage dans les couloirs aux &#8220;heures de pointe&#8221; en tant que syst\u00e8me de voie \u00e0 sens unique, de sorte que sur deux couloirs, vous pouvez toujours nager en cercle \u00e0 travers des arcs de lignes et donc aucun trafic en sens inverse n&#8217;est cr\u00e9\u00e9. Constitu\u00e9 de deux \u00e9triers en tube rond roul\u00e9 de belle forme.<br \/>Une ligne de nage est n\u00e9cessaire sur place.<br \/>Pour l&#8217;insertion dans les douilles de sol qui sont souvent d\u00e9j\u00e0 pr\u00e9sentes.<\/p>\n<p>Mat\u00e9riau : acier inoxydable V4A (1.4571)<br \/>Ouverture de passage : environ 1 800 mm<\/p>\n","protected":false},"featured_media":9571,"template":"","meta":{"_acf_changed":false},"product_brand":[],"product_cat":[158],"product_tag":[],"class_list":{"0":"post-17388","1":"product","2":"type-product","3":"status-publish","4":"has-post-thumbnail","6":"product_cat-lignes-de-nage-lignes-de-separation-et-douilles-de-sol","8":"first","9":"instock","10":"taxable","11":"shipping-taxable","12":"purchasable","13":"product-type-simple"},"acf":[],"_links":{"self":[{"href":"https:\/\/roigk.de\/fr\/wp-json\/wp\/v2\/product\/17388","targetHints":{"allow":["GET"]}}],"collection":[{"href":"https:\/\/roigk.de\/fr\/wp-json\/wp\/v2\/product"}],"about":[{"href":"https:\/\/roigk.de\/fr\/wp-json\/wp\/v2\/types\/product"}],"wp:featuredmedia":[{"embeddable":true,"href":"https:\/\/roigk.de\/fr\/wp-json\/wp\/v2\/media\/9571"}],"wp:attachment":[{"href":"https:\/\/roigk.de\/fr\/wp-json\/wp\/v2\/media?parent=17388"}],"wp:term":[{"taxonomy":"product_brand","embeddable":true,"href":"https:\/\/roigk.de\/fr\/wp-json\/wp\/v2\/product_brand?post=17388"},{"taxonomy":"product_cat","embeddable":true,"href":"https:\/\/roigk.de\/fr\/wp-json\/wp\/v2\/product_cat?post=17388"},{"taxonomy":"product_tag","embeddable":true,"href":"https:\/\/roigk.de\/fr\/wp-json\/wp\/v2\/product_tag?post=17388"}],"curies":[{"name":"wp","href":"https:\/\/api.w.org\/{rel}","templated":true}]}}