{"id":17406,"date":"2020-07-20T14:47:31","date_gmt":"2020-07-20T14:47:31","guid":{"rendered":"http:\/\/roigk.de\/produkt\/e-module-de-batterie-accumulateur-14-pour-elevateur-de-piscine-r36\/"},"modified":"2026-01-21T09:02:57","modified_gmt":"2026-01-21T09:02:57","slug":"e-module-de-batterie-accumulateur-14-pour-elevateur-de-piscine-r36","status":"publish","type":"product","link":"https:\/\/roigk.de\/fr\/e-module-de-batterie-accumulateur-14-pour-elevateur-de-piscine-r36\/","title":{"rendered":"E# Module de batterie\/accumulateur (SET de 2 pi\u00e8ces) #14 (pour \u00e9l\u00e9vateur de piscine R36)"},"content":{"rendered":"","protected":false},"excerpt":{"rendered":"<p>selon illustration<\/p>\n<p>ce produit est un SET compos\u00e9 de 2 batteries. Les deux modules doivent toujours \u00eatre remplac\u00e9s.<\/p>\n<p>(Ne convient pas pour le R37 !)<b><\/b><i><\/i><\/p>\n","protected":false},"featured_media":10781,"template":"","meta":{"_acf_changed":false},"product_brand":[],"product_cat":[144],"product_tag":[],"class_list":{"0":"post-17406","1":"product","2":"type-product","3":"status-publish","4":"has-post-thumbnail","6":"product_cat-elevateur-pieces-detachees","8":"first","9":"instock","10":"taxable","11":"shipping-taxable","12":"purchasable","13":"product-type-simple"},"acf":[],"_links":{"self":[{"href":"https:\/\/roigk.de\/fr\/wp-json\/wp\/v2\/product\/17406","targetHints":{"allow":["GET"]}}],"collection":[{"href":"https:\/\/roigk.de\/fr\/wp-json\/wp\/v2\/product"}],"about":[{"href":"https:\/\/roigk.de\/fr\/wp-json\/wp\/v2\/types\/product"}],"wp:featuredmedia":[{"embeddable":true,"href":"https:\/\/roigk.de\/fr\/wp-json\/wp\/v2\/media\/10781"}],"wp:attachment":[{"href":"https:\/\/roigk.de\/fr\/wp-json\/wp\/v2\/media?parent=17406"}],"wp:term":[{"taxonomy":"product_brand","embeddable":true,"href":"https:\/\/roigk.de\/fr\/wp-json\/wp\/v2\/product_brand?post=17406"},{"taxonomy":"product_cat","embeddable":true,"href":"https:\/\/roigk.de\/fr\/wp-json\/wp\/v2\/product_cat?post=17406"},{"taxonomy":"product_tag","embeddable":true,"href":"https:\/\/roigk.de\/fr\/wp-json\/wp\/v2\/product_tag?post=17406"}],"curies":[{"name":"wp","href":"https:\/\/api.w.org\/{rel}","templated":true}]}}