{"id":17408,"date":"2020-07-20T14:47:55","date_gmt":"2020-07-20T14:47:55","guid":{"rendered":"http:\/\/roigk.de\/produkt\/e-siege-1-pour-elevateur-de-piscine-r36\/"},"modified":"2026-01-21T09:03:05","modified_gmt":"2026-01-21T09:03:05","slug":"e-siege-1-pour-elevateur-de-piscine-r36","status":"publish","type":"product","link":"https:\/\/roigk.de\/fr\/e-siege-1-pour-elevateur-de-piscine-r36\/","title":{"rendered":"E# Si\u00e8ge 1 (pour \u00e9l\u00e9vateur de piscine) R36"},"content":{"rendered":"","protected":false},"excerpt":{"rendered":"<p><span>Conform\u00e9ment \u00e0 l&#8217;image<\/span><b><\/b><i><\/i><\/p>\n","protected":false},"featured_media":27147,"template":"","meta":{"_acf_changed":false},"product_brand":[],"product_cat":[144],"product_tag":[],"class_list":{"0":"post-17408","1":"product","2":"type-product","3":"status-publish","4":"has-post-thumbnail","6":"product_cat-elevateur-pieces-detachees","8":"first","9":"instock","10":"taxable","11":"shipping-taxable","12":"purchasable","13":"product-type-simple"},"acf":[],"_links":{"self":[{"href":"https:\/\/roigk.de\/fr\/wp-json\/wp\/v2\/product\/17408","targetHints":{"allow":["GET"]}}],"collection":[{"href":"https:\/\/roigk.de\/fr\/wp-json\/wp\/v2\/product"}],"about":[{"href":"https:\/\/roigk.de\/fr\/wp-json\/wp\/v2\/types\/product"}],"wp:featuredmedia":[{"embeddable":true,"href":"https:\/\/roigk.de\/fr\/wp-json\/wp\/v2\/media\/27147"}],"wp:attachment":[{"href":"https:\/\/roigk.de\/fr\/wp-json\/wp\/v2\/media?parent=17408"}],"wp:term":[{"taxonomy":"product_brand","embeddable":true,"href":"https:\/\/roigk.de\/fr\/wp-json\/wp\/v2\/product_brand?post=17408"},{"taxonomy":"product_cat","embeddable":true,"href":"https:\/\/roigk.de\/fr\/wp-json\/wp\/v2\/product_cat?post=17408"},{"taxonomy":"product_tag","embeddable":true,"href":"https:\/\/roigk.de\/fr\/wp-json\/wp\/v2\/product_tag?post=17408"}],"curies":[{"name":"wp","href":"https:\/\/api.w.org\/{rel}","templated":true}]}}