{"id":17410,"date":"2020-07-20T14:47:35","date_gmt":"2020-07-20T14:47:35","guid":{"rendered":"http:\/\/roigk.de\/produkt\/e-chargeur-13-pour-elevateur-de-piscine-r36\/"},"modified":"2026-01-21T09:03:15","modified_gmt":"2026-01-21T09:03:15","slug":"e-chargeur-13-pour-elevateur-de-piscine-r36","status":"publish","type":"product","link":"https:\/\/roigk.de\/fr\/e-chargeur-13-pour-elevateur-de-piscine-r36\/","title":{"rendered":"E# Chargeur #13 (pour \u00e9l\u00e9vateur de piscine) R36"},"content":{"rendered":"","protected":false},"excerpt":{"rendered":"<p><span>Conform\u00e9ment \u00e0 l&#8217;image<\/span><b><\/b><i><\/i><\/p>\n","protected":false},"featured_media":10786,"template":"","meta":{"_acf_changed":false},"product_brand":[],"product_cat":[144],"product_tag":[],"class_list":{"0":"post-17410","1":"product","2":"type-product","3":"status-publish","4":"has-post-thumbnail","6":"product_cat-elevateur-pieces-detachees","8":"first","9":"instock","10":"taxable","11":"shipping-taxable","12":"purchasable","13":"product-type-simple"},"acf":[],"_links":{"self":[{"href":"https:\/\/roigk.de\/fr\/wp-json\/wp\/v2\/product\/17410","targetHints":{"allow":["GET"]}}],"collection":[{"href":"https:\/\/roigk.de\/fr\/wp-json\/wp\/v2\/product"}],"about":[{"href":"https:\/\/roigk.de\/fr\/wp-json\/wp\/v2\/types\/product"}],"wp:featuredmedia":[{"embeddable":true,"href":"https:\/\/roigk.de\/fr\/wp-json\/wp\/v2\/media\/10786"}],"wp:attachment":[{"href":"https:\/\/roigk.de\/fr\/wp-json\/wp\/v2\/media?parent=17410"}],"wp:term":[{"taxonomy":"product_brand","embeddable":true,"href":"https:\/\/roigk.de\/fr\/wp-json\/wp\/v2\/product_brand?post=17410"},{"taxonomy":"product_cat","embeddable":true,"href":"https:\/\/roigk.de\/fr\/wp-json\/wp\/v2\/product_cat?post=17410"},{"taxonomy":"product_tag","embeddable":true,"href":"https:\/\/roigk.de\/fr\/wp-json\/wp\/v2\/product_tag?post=17410"}],"curies":[{"name":"wp","href":"https:\/\/api.w.org\/{rel}","templated":true}]}}