{"id":17420,"date":"2020-07-20T14:37:43","date_gmt":"2021-01-19T23:17:04","guid":{"rendered":"http:\/\/roigk.de\/produkt\/secondplay-corail-avec-deux-effets-dinclinaison-r201507-10-bj2015\/"},"modified":"2021-08-18T13:13:13","modified_gmt":"2021-08-18T13:13:13","slug":"secondplay-corail-avec-deux-effets-dinclinaison-r201507-10-bj2015","status":"publish","type":"product","link":"https:\/\/roigk.de\/fr\/secondplay-corail-avec-deux-effets-dinclinaison-r201507-10-bj2015\/","title":{"rendered":"SecondPlay corail avec deux effets d&rsquo;inclinaison R201507-10 BJ2015"},"content":{"rendered":"","protected":false},"excerpt":{"rendered":"<p>Attraction d&#8217;eau us\u00e9e avec pr\u00e9paration &#8220;WieNeu&#8221; de ROIGK-SecondPlay avec garantie<br \/>Conception d&#8217;apr\u00e8s photo (les d\u00e9tails individuels peuvent diff\u00e9rer du nouveau&nbsp;produit actuel)<br \/><b>Bride de pied adapt\u00e9e aux ancrages universels au sol<\/b><br \/>Pi\u00e8ce unique : sous r\u00e9serve de vente pr\u00e9alable!<\/p>\n","protected":false},"featured_media":9920,"template":"","meta":{"_acf_changed":false},"product_brand":[],"product_cat":[178],"product_tag":[],"class_list":{"0":"post-17420","1":"product","2":"type-product","3":"status-publish","4":"has-post-thumbnail","6":"product_cat-secondplay-attractions-doccasion-avec-label","8":"first","9":"instock","10":"taxable","11":"shipping-taxable","12":"purchasable","13":"product-type-simple"},"acf":[],"_links":{"self":[{"href":"https:\/\/roigk.de\/fr\/wp-json\/wp\/v2\/product\/17420","targetHints":{"allow":["GET"]}}],"collection":[{"href":"https:\/\/roigk.de\/fr\/wp-json\/wp\/v2\/product"}],"about":[{"href":"https:\/\/roigk.de\/fr\/wp-json\/wp\/v2\/types\/product"}],"wp:featuredmedia":[{"embeddable":true,"href":"https:\/\/roigk.de\/fr\/wp-json\/wp\/v2\/media\/9920"}],"wp:attachment":[{"href":"https:\/\/roigk.de\/fr\/wp-json\/wp\/v2\/media?parent=17420"}],"wp:term":[{"taxonomy":"product_brand","embeddable":true,"href":"https:\/\/roigk.de\/fr\/wp-json\/wp\/v2\/product_brand?post=17420"},{"taxonomy":"product_cat","embeddable":true,"href":"https:\/\/roigk.de\/fr\/wp-json\/wp\/v2\/product_cat?post=17420"},{"taxonomy":"product_tag","embeddable":true,"href":"https:\/\/roigk.de\/fr\/wp-json\/wp\/v2\/product_tag?post=17420"}],"curies":[{"name":"wp","href":"https:\/\/api.w.org\/{rel}","templated":true}]}}