{"id":17428,"date":"2020-07-20T14:51:15","date_gmt":"2020-07-20T14:51:15","guid":{"rendered":"http:\/\/roigk.de\/produkt\/secondplay-oxy-baudroie-panier-de-basket-ball-r201412-10-bj2019\/"},"modified":"2026-01-21T09:04:15","modified_gmt":"2026-01-21T09:04:15","slug":"secondplay-oxy-baudroie-panier-de-basket-ball-r201412-10-bj2019","status":"publish","type":"product","link":"https:\/\/roigk.de\/fr\/secondplay-oxy-baudroie-panier-de-basket-ball-r201412-10-bj2019\/","title":{"rendered":"SecondPlay OXY Baudroie (panier de basket-ball) R201412-10 BJ2019"},"content":{"rendered":"","protected":false},"excerpt":{"rendered":"<p>Attraction d&#8217;eau us\u00e9e avec pr\u00e9paration &#8220;WieNeu&#8221; de ROIGK-SecondPlay avec garantie<br \/>Conception d&#8217;apr\u00e8s photo (les d\u00e9tails individuels peuvent diff\u00e9rer du nouveau produit actuel)<br \/><b>Bride de pied adapt\u00e9e aux ancrages universels au sol<\/b><br \/>Pi\u00e8ce unique : sous r\u00e9serve de vente pr\u00e9alable !<\/p>\n<p>&nbsp;<\/p>\n","protected":false},"featured_media":11062,"template":"","meta":{"_acf_changed":false},"product_brand":[],"product_cat":[178],"product_tag":[],"class_list":{"0":"post-17428","1":"product","2":"type-product","3":"status-publish","4":"has-post-thumbnail","6":"product_cat-secondplay-attractions-doccasion-avec-label","8":"first","9":"instock","10":"taxable","11":"shipping-taxable","12":"purchasable","13":"product-type-simple"},"acf":[],"_links":{"self":[{"href":"https:\/\/roigk.de\/fr\/wp-json\/wp\/v2\/product\/17428","targetHints":{"allow":["GET"]}}],"collection":[{"href":"https:\/\/roigk.de\/fr\/wp-json\/wp\/v2\/product"}],"about":[{"href":"https:\/\/roigk.de\/fr\/wp-json\/wp\/v2\/types\/product"}],"wp:featuredmedia":[{"embeddable":true,"href":"https:\/\/roigk.de\/fr\/wp-json\/wp\/v2\/media\/11062"}],"wp:attachment":[{"href":"https:\/\/roigk.de\/fr\/wp-json\/wp\/v2\/media?parent=17428"}],"wp:term":[{"taxonomy":"product_brand","embeddable":true,"href":"https:\/\/roigk.de\/fr\/wp-json\/wp\/v2\/product_brand?post=17428"},{"taxonomy":"product_cat","embeddable":true,"href":"https:\/\/roigk.de\/fr\/wp-json\/wp\/v2\/product_cat?post=17428"},{"taxonomy":"product_tag","embeddable":true,"href":"https:\/\/roigk.de\/fr\/wp-json\/wp\/v2\/product_tag?post=17428"}],"curies":[{"name":"wp","href":"https:\/\/api.w.org\/{rel}","templated":true}]}}